{"id":2528,"date":"2016-11-12T05:58:27","date_gmt":"2016-11-12T05:58:27","guid":{"rendered":"http:\/\/localhost\/wp-themes\/electrician\/?page_id=14"},"modified":"2025-04-29T16:59:00","modified_gmt":"2025-04-29T16:59:00","slug":"contactenos","status":"publish","type":"page","link":"https:\/\/latorreinsurance.com\/seguros-latorre\/contactenos\/","title":{"rendered":"Cont\u00e1ctenos"},"content":{"rendered":"\t\t<div data-elementor-type=\"wp-page\" data-elementor-id=\"2528\" class=\"elementor elementor-2528\" data-elementor-post-type=\"page\">\n\t\t\t\t\t\t<section class=\"elementor-section elementor-top-section elementor-element elementor-element-824edba elementor-section-stretched elementor-section-full_width elementor-section-height-default elementor-section-height-default\" data-id=\"824edba\" data-element_type=\"section\" data-settings=\"{&quot;stretch_section&quot;:&quot;section-stretched&quot;}\">\n\t\t\t\t\t\t<div class=\"elementor-container elementor-column-gap-no\">\n\t\t\t\t\t<div class=\"elementor-column elementor-col-100 elementor-top-column elementor-element elementor-element-b635ea2\" data-id=\"b635ea2\" data-element_type=\"column\">\n\t\t\t<div class=\"elementor-widget-wrap elementor-element-populated\">\n\t\t\t\t\t\t<div class=\"elementor-element elementor-element-d14561e elementor-widget elementor-widget-google_maps\" data-id=\"d14561e\" data-element_type=\"widget\" data-widget_type=\"google_maps.default\">\n\t\t\t\t<div class=\"elementor-widget-container\">\n\t\t\t<style>\/*! elementor - v3.20.0 - 26-03-2024 *\/\n.elementor-widget-google_maps .elementor-widget-container{overflow:hidden}.elementor-widget-google_maps .elementor-custom-embed{line-height:0}.elementor-widget-google_maps iframe{height:300px}<\/style>\t\t<div class=\"elementor-custom-embed\">\n\t\t\t<iframe loading=\"lazy\"\n\t\t\t\t\tsrc=\"https:\/\/maps.google.com\/maps?q=Latorre%20Insurance%20124%20N%20McDowell%20St%2C%20Charlotte%2C%20NC%2028204&#038;t=m&#038;z=14&#038;output=embed&#038;iwloc=near\"\n\t\t\t\t\ttitle=\"Latorre Insurance 124 N McDowell St, Charlotte, NC 28204\"\n\t\t\t\t\taria-label=\"Latorre Insurance 124 N McDowell St, Charlotte, NC 28204\"\n\t\t\t><\/iframe>\n\t\t<\/div>\n\t\t\t\t<\/div>\n\t\t\t\t<\/div>\n\t\t\t\t\t<\/div>\n\t\t<\/div>\n\t\t\t\t\t<\/div>\n\t\t<\/section>\n\t\t\t\t<section class=\"elementor-section elementor-top-section elementor-element elementor-element-d184240 elementor-section-stretched elementor-section-full_width elementor-section-height-default elementor-section-height-default\" data-id=\"d184240\" data-element_type=\"section\" data-settings=\"{&quot;stretch_section&quot;:&quot;section-stretched&quot;}\">\n\t\t\t\t\t\t<div class=\"elementor-container elementor-column-gap-no\">\n\t\t\t\t\t<div class=\"elementor-column elementor-col-100 elementor-top-column elementor-element elementor-element-e5199d1\" data-id=\"e5199d1\" data-element_type=\"column\">\n\t\t\t<div class=\"elementor-widget-wrap elementor-element-populated\">\n\t\t\t\t\t\t<div class=\"elementor-element elementor-element-6256808 elementor-widget elementor-widget-menu-anchor\" data-id=\"6256808\" data-element_type=\"widget\" data-widget_type=\"menu-anchor.default\">\n\t\t\t\t<div class=\"elementor-widget-container\">\n\t\t\t<style>\/*! elementor - v3.20.0 - 26-03-2024 *\/\nbody.elementor-page .elementor-widget-menu-anchor{margin-bottom:0}<\/style>\t\t<div id=\"form\" class=\"elementor-menu-anchor\"><\/div>\n\t\t\t\t<\/div>\n\t\t\t\t<\/div>\n\t\t\t\t<div class=\"elementor-element elementor-element-8facb6e elementor-widget elementor-widget-electrician_contact_info\" data-id=\"8facb6e\" data-element_type=\"widget\" data-widget_type=\"electrician_contact_info.default\">\n\t\t\t\t<div class=\"elementor-widget-container\">\n\t\t\t <div class=\"section-indent-extra\">\n\t\t<div class=\"container container-lg-fluid\">\n\t\t\t<div class=\"section__wrapper02 tt-contact-wrapper\">\n\t\t\t\t<div class=\"row justify-content-center\">\n\t\t\t\t \t\t\t\t\t  <div class=\"col-sm-6 col-md-4\">\n  <div class=\"tt-contact\">\n\t<div class=\"tt-icon\">\n\t\t\t\t\t\t<i aria-hidden=\"true\" class=\" icon-map-marker\"><\/i>\t<\/div>\n\t<div class=\"tt-content\">\n\t  <div class=\"tt-title\">Direcci\u00f3n:<\/div>\n\t\t\t\t\t\t<address>\t\t\t\t\t\t\t\tLatorre Insurance<br> 124 N. McDowell St. <br>\nCharlotte, NC 28204\t\t\t\t\t\t\t<\/address>\t<\/div>\n  <\/div>\n<\/div> \t\t\t\t\t  <div class=\"col-sm-6 col-md-4\">\n  <div class=\"tt-contact\">\n\t<div class=\"tt-icon\">\n\t\t\t\t\t\t<i aria-hidden=\"true\" class=\" icon-clock-circular-outline-1\"><\/i>\t<\/div>\n\t<div class=\"tt-content\">\n\t  <div class=\"tt-title\">Horario de Oficina:<\/div>\n\t\t\t\t\t\tLunes a viernes 9:00 am \u2013 5:00 pm, <br>S\u00e1bado y domingo <b>cerrado<\/b>.\t<\/div>\n  <\/div>\n<\/div> \t\t\t\t\t  <div class=\"col-sm-6 col-md-4\">\n  <div class=\"tt-contact\">\n\t<div class=\"tt-icon\">\n\t\t\t\t\t\t<i aria-hidden=\"true\" class=\" icon-telephone\"><\/i>\t<\/div>\n\t<div class=\"tt-content\">\n\t  <div class=\"tt-title\">Tel\u00e9fono:<\/div>\n\t\t\t\t\t\t<address>\t\t\t\t\t\t\t\t<a href=\"tel:(844) 566-8181\">(844) 566-8181<\/a>\t\t\t\t\t\t\t<\/address>\n\t<\/div>\n  <\/div>\n<\/div>  \n\t\t\t\t\t\t\t\t\t\n\t\t\t\t<\/div>\n\t\t\t<\/div>\n\t\t<\/div>\n\t<\/div> \n\t\t\t\t<\/div>\n\t\t\t\t<\/div>\n\t\t\t\t\t<\/div>\n\t\t<\/div>\n\t\t\t\t\t<\/div>\n\t\t<\/section>\n\t\t\t\t<section class=\"elementor-section elementor-top-section elementor-element elementor-element-4ef96ec elementor-section-boxed elementor-section-height-default elementor-section-height-default\" data-id=\"4ef96ec\" data-element_type=\"section\">\n\t\t\t\t\t\t<div class=\"elementor-container elementor-column-gap-default\">\n\t\t\t\t\t<div class=\"elementor-column elementor-col-100 elementor-top-column elementor-element elementor-element-fa9a76c\" data-id=\"fa9a76c\" data-element_type=\"column\">\n\t\t\t<div class=\"elementor-widget-wrap elementor-element-populated\">\n\t\t\t\t\t\t<div class=\"elementor-element elementor-element-9b0242d elementor-widget elementor-widget-electrician_contact_form\" data-id=\"9b0242d\" data-element_type=\"widget\" data-widget_type=\"electrician_contact_form.default\">\n\t\t\t\t<div class=\"elementor-widget-container\">\n\t\t\t <div class=\"section-indent\">\n\t<div class=\"container container-md-fluid\">\n\t\t<div class=\"section-title max-width-01\">\n\t\t\t<div class=\"section-title__01\">Cont\u00e1ctenos<\/div>\n\t\t\t<div class=\"section-title__02\">Estamos aqu\u00ed para servirle<\/div>\n\t\t\t\t\t<div class=\"section-title__03\">\n\t\t\tNuestro equipo de expertos est\u00e1n listos para ayudarlo.\t\t\t<\/div>\n\t\t\t\t<\/div>\n\t\t<div class=\"row justify-content-center\">\n\t\t\t<div class=\"col-md-8\">\n\t\t\n<div class=\"wpcf7 no-js\" id=\"wpcf7-f6165-o1\" lang=\"en-US\" dir=\"ltr\" data-wpcf7-id=\"6165\">\n<div class=\"screen-reader-response\"><p role=\"status\" aria-live=\"polite\" aria-atomic=\"true\"><\/p> <ul><\/ul><\/div>\n<form action=\"\/seguros-latorre\/wp-json\/wp\/v2\/pages\/2528#wpcf7-f6165-o1\" method=\"post\" class=\"wpcf7-form init\" aria-label=\"Contact form\" novalidate=\"novalidate\" data-status=\"init\">\n<fieldset class=\"hidden-fields-container\"><input type=\"hidden\" name=\"_wpcf7\" value=\"6165\" \/><input type=\"hidden\" name=\"_wpcf7_version\" value=\"6.1.5\" \/><input type=\"hidden\" name=\"_wpcf7_locale\" value=\"en_US\" \/><input type=\"hidden\" name=\"_wpcf7_unit_tag\" value=\"wpcf7-f6165-o1\" \/><input type=\"hidden\" name=\"_wpcf7_container_post\" value=\"0\" \/><input type=\"hidden\" name=\"_wpcf7_posted_data_hash\" value=\"\" \/><input type=\"hidden\" name=\"_wpcf7_recaptcha_response\" value=\"\" \/>\n<\/fieldset>\n<div class=\"form-default\">\n\t<div class=\"form-group\">\n\t\t<p><span class=\"wpcf7-form-control-wrap\" data-name=\"your-name\"><input size=\"40\" maxlength=\"400\" class=\"wpcf7-form-control wpcf7-text wpcf7-validates-as-required form-control\" aria-required=\"true\" aria-invalid=\"false\" placeholder=\"Su nombre*\" value=\"\" type=\"text\" name=\"your-name\" \/><\/span>\n\t\t<\/p>\n\t<\/div>\n\t<div class=\"row\">\n\t\t<div class=\"col-md-6\">\n\t\t\t<div class=\"form-group\">\n\t\t\t\t<p><span class=\"wpcf7-form-control-wrap\" data-name=\"your-email\"><input size=\"40\" maxlength=\"400\" class=\"wpcf7-form-control wpcf7-email wpcf7-validates-as-required wpcf7-text wpcf7-validates-as-email form-control\" aria-required=\"true\" aria-invalid=\"false\" placeholder=\"Su correo electr\u00f3nico *\" value=\"\" type=\"email\" name=\"your-email\" \/><\/span>\n\t\t\t\t<\/p>\n\t\t\t<\/div>\n\t\t<\/div>\n\t\t<div class=\"col-md-6\">\n\t\t\t<div class=\"form-group\">\n\t\t\t\t<p><span class=\"wpcf7-form-control-wrap\" data-name=\"your-phone\"><input size=\"40\" maxlength=\"400\" class=\"wpcf7-form-control wpcf7-text wpcf7-validates-as-required form-control\" aria-required=\"true\" aria-invalid=\"false\" placeholder=\"Su n\u00famero de tel\u00e9fono\" value=\"\" type=\"text\" name=\"your-phone\" \/><\/span>\n\t\t\t\t<\/p>\n\t\t\t<\/div>\n\t\t<\/div>\n\t<\/div>\n\t<div class=\"form-group\">\n\t\t<p><span class=\"wpcf7-form-control-wrap\" data-name=\"your-message\"><textarea cols=\"40\" rows=\"4\" maxlength=\"2000\" class=\"wpcf7-form-control wpcf7-textarea form-control\" aria-invalid=\"false\" placeholder=\"Mensaje *\" name=\"your-message\"><\/textarea><\/span>\n\t\t<\/p>\n\t<\/div>\n\t<div class=\"form-group\">\n\t\t<div class=\"tt-notes text-center\">\n\t\t\t<p>* Latorre Insurance ofrece cobertura S\u00d3LO a residentes y empresas de Carolina del Norte y del Sur.\n\t\t\t<\/p>\n\t\t<\/div>\n\t<\/div>\n\t<div class=\"form-group text-center\">\n\t\t<p><button class=\"tt-btn btn__color01 wpcf7-form-control wpcf7-submit\" type=\"submit\">Enviar<\/button>\n\t\t<\/p>\n\t<\/div>\n<\/div><div class=\"wpcf7-response-output\" aria-hidden=\"true\"><\/div>\n<\/form>\n<\/div>\n\t\t\t<\/div>\n\t\t<\/div>\n\t<\/div>\n<\/div> \n\t\t\t\t<\/div>\n\t\t\t\t<\/div>\n\t\t\t\t\t<\/div>\n\t\t<\/div>\n\t\t\t\t\t<\/div>\n\t\t<\/section>\n\t\t\t\t<section class=\"elementor-section elementor-top-section elementor-element elementor-element-e90212b elementor-section-boxed elementor-section-height-default elementor-section-height-default\" data-id=\"e90212b\" data-element_type=\"section\">\n\t\t\t\t\t\t<div class=\"elementor-container elementor-column-gap-default\">\n\t\t\t\t\t<div class=\"elementor-column elementor-col-100 elementor-top-column elementor-element elementor-element-5bf0ed9\" data-id=\"5bf0ed9\" data-element_type=\"column\">\n\t\t\t<div class=\"elementor-widget-wrap elementor-element-populated\">\n\t\t\t\t\t\t<div class=\"elementor-element elementor-element-32f5330 elementor-widget elementor-widget-elec_our_services_page\" data-id=\"32f5330\" data-element_type=\"widget\" data-widget_type=\"elec_our_services_page.default\">\n\t\t\t\t<div class=\"elementor-widget-container\">\n\t\t\t\n\t\t\t\t<div class=\"section-indent\">\n\t\t<div class=\"container container-md-fluid\">\n\t\t\t<div class=\"section-title max-width-01\">\n\t\t\t\t<div class=\"section-title__02\">Nuestras oficinas <\/div>\n\t\t\t\t<p class=\"font24 text-center\"> Nuestro objetivo es brindarle tranquilidad y seguridad. Vis\u00edtenos en cualquiera de nuestras oficinas para encontrar una p\u00f3liza adecuada para usted. <\/p>\n\t\t\t<\/div>\n\t\t\t<div id=\"filter-nav\">\n\t\t\t\t\t\t\t<ul>\n\t\t\t\t\t<li class=\"active\"><a class=\"gallery-navitem\" href=\"filter-all\"><\/a><\/li>\n\t\t\t\t\t<li><a class=\"gallery-navitem\" href=\"\"><\/a><\/li>\t\t\t\t<\/ul>\n\t\t\t<\/div>\n\t\t\t<div id=\"filter-layout\" class=\"row justify-content-center tt-obj-wrapper\">\n\t\t\t\t\t\t\t<div class=\"col-sm-6 col-md-4 show filter-all \">\n\t\t\t\t\t<div class=\"tt-obj\">\n\t\t\t\t\t\t<div class=\"tt-obj__img\">\n\t\t\t\t\t\t<img fetchpriority=\"high\" decoding=\"async\" width=\"1261\" height=\"736\" src=\"https:\/\/latorreinsurance.com\/seguros-latorre\/wp-content\/uploads\/sites\/8\/2023\/09\/iStock-698094796-e1695304641355.jpg\" class=\"attachment-full size-full\" alt=\"\" srcset=\"https:\/\/latorreinsurance.com\/seguros-latorre\/wp-content\/uploads\/sites\/8\/2023\/09\/iStock-698094796-e1695304641355.jpg 1261w, https:\/\/latorreinsurance.com\/seguros-latorre\/wp-content\/uploads\/sites\/8\/2023\/09\/iStock-698094796-e1695304641355-300x175.jpg 300w, https:\/\/latorreinsurance.com\/seguros-latorre\/wp-content\/uploads\/sites\/8\/2023\/09\/iStock-698094796-e1695304641355-1024x598.jpg 1024w, https:\/\/latorreinsurance.com\/seguros-latorre\/wp-content\/uploads\/sites\/8\/2023\/09\/iStock-698094796-e1695304641355-768x448.jpg 768w, https:\/\/latorreinsurance.com\/seguros-latorre\/wp-content\/uploads\/sites\/8\/2023\/09\/iStock-698094796-e1695304641355-841x491.jpg 841w\" sizes=\"(max-width: 1261px) 100vw, 1261px\" \/>\t\t\t\t\t\t<\/div>\n\t\t\t\t\t\t<div class=\"tt-obj__wrapper\">\n\t\t\t\t\t\t\t<div class=\"tt-obj__title\"><a href=\"\/seguros-latorre\/\/nuestras-oficinas\/charlotte-uptown-mcdowell-st\/\">Oficina en Charlotte<\/a><\/div>\n\t\t\t\t\t\t\t<p>Vis\u00edtenos en nuestra sede de Charlotte, ubicada entre Uptown y Central Piedmont Community College.<\/p>\n\t\t\t\t\t\t\t\t\t\t\t\t\t\t<div class=\"row-btn\">\n\t\t\t\t\t\t\t\t<a href=\"\/seguros-latorre\/\/nuestras-oficinas\/charlotte-uptown-mcdowell-st\/\" class=\"tt-link\">Ver m\u00e1s<span class=\"icon-arrowhead-pointing-to-the-right-1\"><\/span><\/a>\n\t\t\t\t\t\t\t<\/div>\n\t\t\t\t\t\t\t\t\t\t\t\t\t<\/div>\n\t\t\t\t\t<\/div>\n\t\t\t\t<\/div>\n\t\t\t\t\t\t\t\t\t<div class=\"col-sm-6 col-md-4 show filter-all \">\n\t\t\t\t\t<div class=\"tt-obj\">\n\t\t\t\t\t\t<div class=\"tt-obj__img\">\n\t\t\t\t\t\t<img decoding=\"async\" width=\"1254\" height=\"836\" src=\"https:\/\/latorreinsurance.com\/seguros-latorre\/wp-content\/uploads\/sites\/8\/2023\/09\/iStock-173240175.jpg\" class=\"attachment-full size-full\" alt=\"\" srcset=\"https:\/\/latorreinsurance.com\/seguros-latorre\/wp-content\/uploads\/sites\/8\/2023\/09\/iStock-173240175.jpg 1254w, https:\/\/latorreinsurance.com\/seguros-latorre\/wp-content\/uploads\/sites\/8\/2023\/09\/iStock-173240175-300x200.jpg 300w, https:\/\/latorreinsurance.com\/seguros-latorre\/wp-content\/uploads\/sites\/8\/2023\/09\/iStock-173240175-1024x683.jpg 1024w, https:\/\/latorreinsurance.com\/seguros-latorre\/wp-content\/uploads\/sites\/8\/2023\/09\/iStock-173240175-768x512.jpg 768w, https:\/\/latorreinsurance.com\/seguros-latorre\/wp-content\/uploads\/sites\/8\/2023\/09\/iStock-173240175-737x491.jpg 737w\" sizes=\"(max-width: 1254px) 100vw, 1254px\" \/>\t\t\t\t\t\t<\/div>\n\t\t\t\t\t\t<div class=\"tt-obj__wrapper\">\n\t\t\t\t\t\t\t<div class=\"tt-obj__title\"><a href=\"\/seguros-latorre\/nuestras-oficinas\/greensboro-spring-garden-st\/\">Oficina en Greensboro<\/a><\/div>\n\t\t\t\t\t\t\t<p>\u00bfVive en Piedmont Triad? Nuestra oficina de Greensboro le da la bienvenida en el condado de Guilford<\/p>\n\t\t\t\t\t\t\t\t\t\t\t\t\t\t<div class=\"row-btn\">\n\t\t\t\t\t\t\t\t<a href=\"\/seguros-latorre\/nuestras-oficinas\/greensboro-spring-garden-st\/\" class=\"tt-link\">Ver m\u00e1s<span class=\"icon-arrowhead-pointing-to-the-right-1\"><\/span><\/a>\n\t\t\t\t\t\t\t<\/div>\n\t\t\t\t\t\t\t\t\t\t\t\t\t<\/div>\n\t\t\t\t\t<\/div>\n\t\t\t\t<\/div>\n\t\t\t\t\t\t\t\t\t<div class=\"col-sm-6 col-md-4 show filter-all \">\n\t\t\t\t\t<div class=\"tt-obj\">\n\t\t\t\t\t\t<div class=\"tt-obj__img\">\n\t\t\t\t\t\t<img decoding=\"async\" width=\"1254\" height=\"837\" src=\"https:\/\/latorreinsurance.com\/seguros-latorre\/wp-content\/uploads\/sites\/8\/2023\/09\/iStock-533993107.jpg\" class=\"attachment-full size-full\" alt=\"\" srcset=\"https:\/\/latorreinsurance.com\/seguros-latorre\/wp-content\/uploads\/sites\/8\/2023\/09\/iStock-533993107.jpg 1254w, https:\/\/latorreinsurance.com\/seguros-latorre\/wp-content\/uploads\/sites\/8\/2023\/09\/iStock-533993107-300x200.jpg 300w, https:\/\/latorreinsurance.com\/seguros-latorre\/wp-content\/uploads\/sites\/8\/2023\/09\/iStock-533993107-1024x683.jpg 1024w, https:\/\/latorreinsurance.com\/seguros-latorre\/wp-content\/uploads\/sites\/8\/2023\/09\/iStock-533993107-768x513.jpg 768w, https:\/\/latorreinsurance.com\/seguros-latorre\/wp-content\/uploads\/sites\/8\/2023\/09\/iStock-533993107-736x491.jpg 736w\" sizes=\"(max-width: 1254px) 100vw, 1254px\" \/>\t\t\t\t\t\t<\/div>\n\t\t\t\t\t\t<div class=\"tt-obj__wrapper\">\n\t\t\t\t\t\t\t<div class=\"tt-obj__title\"><a href=\"\/seguros-latorre\/nuestras-oficinas\/raleigh-wake-forest-road\/\">Oficina en Raleigh<\/a><\/div>\n\t\t\t\t\t\t\t<p>Encu\u00e9ntrenos en nuestra nueva oficina de Latorre Insurance en el noroeste de Raleigh, cerca de Waco Heights.<\/p>\n\t\t\t\t\t\t\t\t\t\t\t\t\t\t<div class=\"row-btn\">\n\t\t\t\t\t\t\t\t<a href=\"\/seguros-latorre\/nuestras-oficinas\/raleigh-wake-forest-road\/\" class=\"tt-link\">Ver m\u00e1s<span class=\"icon-arrowhead-pointing-to-the-right-1\"><\/span><\/a>\n\t\t\t\t\t\t\t<\/div>\n\t\t\t\t\t\t\t\t\t\t\t\t\t<\/div>\n\t\t\t\t\t<\/div>\n\t\t\t\t<\/div>\n\t\t\t\t\t\t\t\t<\/div>\n\t\t\t<div class=\"text-center tt-top-more02\">\n\t\t\t\t\t\t\t<a href=\"#form\" class=\"tt-btn btn__color01\">\n\t\t\t\t\t\t\t\t\t\t\t<span class=\"icon-sitewide\">\u27a4<\/span>\n\t\t\t\t\t\t\t\tCont\u00e1ctenos\t\t\t\t<\/a>\n\t\t\t<\/div>\n\t\t<\/div>\n\t<\/div>\n\t\t\t\t\t\t<\/div>\n\t\t\t\t<\/div>\n\t\t\t\t\t<\/div>\n\t\t<\/div>\n\t\t\t\t\t<\/div>\n\t\t<\/section>\n\t\t\t\t<\/div>\n\t\t","protected":false},"excerpt":{"rendered":"<p>Direcci\u00f3n: Latorre Insurance 124 N. McDowell St. Charlotte, NC 28204 Horario de Oficina: Lunes a viernes 9:00 am \u2013 5:00 pm, S\u00e1bado y domingo cerrado. Tel\u00e9fono: (844) 566-8181 Cont\u00e1ctenos Estamos aqu\u00ed para servirle Nuestro equipo de expertos est\u00e1n listos para ayudarlo. * Latorre Insurance ofrece cobertura S\u00d3LO a residentes y empresas de Carolina del Norte [&hellip;]<\/p>\n","protected":false},"author":1,"featured_media":0,"parent":0,"menu_order":0,"comment_status":"closed","ping_status":"closed","template":"elementor_header_footer","meta":{"footnotes":""},"class_list":["post-2528","page","type-page","status-publish","hentry"],"yoast_head":"<!-- This site is optimized with the Yoast SEO plugin v22.4 - https:\/\/yoast.com\/wordpress\/plugins\/seo\/ -->\n<title>Cont\u00e1ctenos - Seguros Latorre<\/title>\n<meta name=\"description\" content=\"Cont\u00e1ctenos en Seguros Latorre para obtener la mejor protecci\u00f3n para su hogar, auto y m\u00e1s. \u00a1Cotice ahora!\" \/>\n<meta name=\"robots\" content=\"index, follow, max-snippet:-1, max-image-preview:large, max-video-preview:-1\" \/>\n<link rel=\"canonical\" href=\"https:\/\/latorreinsurance.com\/seguros-latorre\/contactenos\/\" \/>\n<meta property=\"og:locale\" content=\"es_ES\" \/>\n<meta property=\"og:type\" content=\"article\" \/>\n<meta property=\"og:title\" content=\"Cont\u00e1ctenos - Seguros Latorre\" \/>\n<meta property=\"og:description\" content=\"Cont\u00e1ctenos en Seguros Latorre para obtener la mejor protecci\u00f3n para su hogar, auto y m\u00e1s. \u00a1Cotice ahora!\" \/>\n<meta property=\"og:url\" content=\"https:\/\/latorreinsurance.com\/seguros-latorre\/contactenos\/\" \/>\n<meta property=\"og:site_name\" content=\"Seguros Latorre\" \/>\n<meta property=\"article:modified_time\" content=\"2025-04-29T16:59:00+00:00\" \/>\n<meta property=\"og:image\" content=\"https:\/\/latorreinsurance.com\/seguros-latorre\/wp-content\/uploads\/sites\/8\/2023\/09\/iStock-698094796-e1695304641355.jpg\" \/>\n<meta name=\"twitter:card\" content=\"summary_large_image\" \/>\n<meta name=\"twitter:label1\" content=\"Tiempo de lectura\" \/>\n\t<meta name=\"twitter:data1\" content=\"2 minutos\" \/>\n<script type=\"application\/ld+json\" class=\"yoast-schema-graph\">{\"@context\":\"https:\/\/schema.org\",\"@graph\":[{\"@type\":\"WebPage\",\"@id\":\"https:\/\/latorreinsurance.com\/seguros-latorre\/contactenos\/\",\"url\":\"https:\/\/latorreinsurance.com\/seguros-latorre\/contactenos\/\",\"name\":\"Cont\u00e1ctenos - Seguros Latorre\",\"isPartOf\":{\"@id\":\"https:\/\/latorreinsurance.com\/seguros-latorre\/#website\"},\"primaryImageOfPage\":{\"@id\":\"https:\/\/latorreinsurance.com\/seguros-latorre\/contactenos\/#primaryimage\"},\"image\":{\"@id\":\"https:\/\/latorreinsurance.com\/seguros-latorre\/contactenos\/#primaryimage\"},\"thumbnailUrl\":\"https:\/\/latorreinsurance.com\/seguros-latorre\/wp-content\/uploads\/sites\/8\/2023\/09\/iStock-698094796-e1695304641355.jpg\",\"datePublished\":\"2016-11-12T05:58:27+00:00\",\"dateModified\":\"2025-04-29T16:59:00+00:00\",\"description\":\"Cont\u00e1ctenos en Seguros Latorre para obtener la mejor protecci\u00f3n para su hogar, auto y m\u00e1s. \u00a1Cotice ahora!\",\"breadcrumb\":{\"@id\":\"https:\/\/latorreinsurance.com\/seguros-latorre\/contactenos\/#breadcrumb\"},\"inLanguage\":\"es\",\"potentialAction\":[{\"@type\":\"ReadAction\",\"target\":[\"https:\/\/latorreinsurance.com\/seguros-latorre\/contactenos\/\"]}]},{\"@type\":\"ImageObject\",\"inLanguage\":\"es\",\"@id\":\"https:\/\/latorreinsurance.com\/seguros-latorre\/contactenos\/#primaryimage\",\"url\":\"https:\/\/latorreinsurance.com\/seguros-latorre\/wp-content\/uploads\/sites\/8\/2023\/09\/iStock-698094796-e1695304641355.jpg\",\"contentUrl\":\"https:\/\/latorreinsurance.com\/seguros-latorre\/wp-content\/uploads\/sites\/8\/2023\/09\/iStock-698094796-e1695304641355.jpg\",\"width\":1261,\"height\":736,\"caption\":\"Skyline of Charlotte, North Carolina\"},{\"@type\":\"BreadcrumbList\",\"@id\":\"https:\/\/latorreinsurance.com\/seguros-latorre\/contactenos\/#breadcrumb\",\"itemListElement\":[{\"@type\":\"ListItem\",\"position\":1,\"name\":\"Home\",\"item\":\"https:\/\/latorreinsurance.com\/seguros-latorre\/\"},{\"@type\":\"ListItem\",\"position\":2,\"name\":\"Cont\u00e1ctenos\"}]},{\"@type\":\"WebSite\",\"@id\":\"https:\/\/latorreinsurance.com\/seguros-latorre\/#website\",\"url\":\"https:\/\/latorreinsurance.com\/seguros-latorre\/\",\"name\":\"Seguros Latorre\",\"description\":\"Serving the Carolinas\",\"potentialAction\":[{\"@type\":\"SearchAction\",\"target\":{\"@type\":\"EntryPoint\",\"urlTemplate\":\"https:\/\/latorreinsurance.com\/seguros-latorre\/?s={search_term_string}\"},\"query-input\":\"required name=search_term_string\"}],\"inLanguage\":\"es\"}]}<\/script>\n<!-- \/ Yoast SEO plugin. -->","yoast_head_json":{"title":"Cont\u00e1ctenos - Seguros Latorre","description":"Cont\u00e1ctenos en Seguros Latorre para obtener la mejor protecci\u00f3n para su hogar, auto y m\u00e1s. \u00a1Cotice ahora!","robots":{"index":"index","follow":"follow","max-snippet":"max-snippet:-1","max-image-preview":"max-image-preview:large","max-video-preview":"max-video-preview:-1"},"canonical":"https:\/\/latorreinsurance.com\/seguros-latorre\/contactenos\/","og_locale":"es_ES","og_type":"article","og_title":"Cont\u00e1ctenos - Seguros Latorre","og_description":"Cont\u00e1ctenos en Seguros Latorre para obtener la mejor protecci\u00f3n para su hogar, auto y m\u00e1s. \u00a1Cotice ahora!","og_url":"https:\/\/latorreinsurance.com\/seguros-latorre\/contactenos\/","og_site_name":"Seguros Latorre","article_modified_time":"2025-04-29T16:59:00+00:00","og_image":[{"url":"https:\/\/latorreinsurance.com\/seguros-latorre\/wp-content\/uploads\/sites\/8\/2023\/09\/iStock-698094796-e1695304641355.jpg"}],"twitter_card":"summary_large_image","twitter_misc":{"Tiempo de lectura":"2 minutos"},"schema":{"@context":"https:\/\/schema.org","@graph":[{"@type":"WebPage","@id":"https:\/\/latorreinsurance.com\/seguros-latorre\/contactenos\/","url":"https:\/\/latorreinsurance.com\/seguros-latorre\/contactenos\/","name":"Cont\u00e1ctenos - Seguros Latorre","isPartOf":{"@id":"https:\/\/latorreinsurance.com\/seguros-latorre\/#website"},"primaryImageOfPage":{"@id":"https:\/\/latorreinsurance.com\/seguros-latorre\/contactenos\/#primaryimage"},"image":{"@id":"https:\/\/latorreinsurance.com\/seguros-latorre\/contactenos\/#primaryimage"},"thumbnailUrl":"https:\/\/latorreinsurance.com\/seguros-latorre\/wp-content\/uploads\/sites\/8\/2023\/09\/iStock-698094796-e1695304641355.jpg","datePublished":"2016-11-12T05:58:27+00:00","dateModified":"2025-04-29T16:59:00+00:00","description":"Cont\u00e1ctenos en Seguros Latorre para obtener la mejor protecci\u00f3n para su hogar, auto y m\u00e1s. \u00a1Cotice ahora!","breadcrumb":{"@id":"https:\/\/latorreinsurance.com\/seguros-latorre\/contactenos\/#breadcrumb"},"inLanguage":"es","potentialAction":[{"@type":"ReadAction","target":["https:\/\/latorreinsurance.com\/seguros-latorre\/contactenos\/"]}]},{"@type":"ImageObject","inLanguage":"es","@id":"https:\/\/latorreinsurance.com\/seguros-latorre\/contactenos\/#primaryimage","url":"https:\/\/latorreinsurance.com\/seguros-latorre\/wp-content\/uploads\/sites\/8\/2023\/09\/iStock-698094796-e1695304641355.jpg","contentUrl":"https:\/\/latorreinsurance.com\/seguros-latorre\/wp-content\/uploads\/sites\/8\/2023\/09\/iStock-698094796-e1695304641355.jpg","width":1261,"height":736,"caption":"Skyline of Charlotte, North Carolina"},{"@type":"BreadcrumbList","@id":"https:\/\/latorreinsurance.com\/seguros-latorre\/contactenos\/#breadcrumb","itemListElement":[{"@type":"ListItem","position":1,"name":"Home","item":"https:\/\/latorreinsurance.com\/seguros-latorre\/"},{"@type":"ListItem","position":2,"name":"Cont\u00e1ctenos"}]},{"@type":"WebSite","@id":"https:\/\/latorreinsurance.com\/seguros-latorre\/#website","url":"https:\/\/latorreinsurance.com\/seguros-latorre\/","name":"Seguros Latorre","description":"Serving the Carolinas","potentialAction":[{"@type":"SearchAction","target":{"@type":"EntryPoint","urlTemplate":"https:\/\/latorreinsurance.com\/seguros-latorre\/?s={search_term_string}"},"query-input":"required name=search_term_string"}],"inLanguage":"es"}]}},"_links":{"self":[{"href":"https:\/\/latorreinsurance.com\/seguros-latorre\/wp-json\/wp\/v2\/pages\/2528","targetHints":{"allow":["GET"]}}],"collection":[{"href":"https:\/\/latorreinsurance.com\/seguros-latorre\/wp-json\/wp\/v2\/pages"}],"about":[{"href":"https:\/\/latorreinsurance.com\/seguros-latorre\/wp-json\/wp\/v2\/types\/page"}],"author":[{"embeddable":true,"href":"https:\/\/latorreinsurance.com\/seguros-latorre\/wp-json\/wp\/v2\/users\/1"}],"replies":[{"embeddable":true,"href":"https:\/\/latorreinsurance.com\/seguros-latorre\/wp-json\/wp\/v2\/comments?post=2528"}],"version-history":[{"count":103,"href":"https:\/\/latorreinsurance.com\/seguros-latorre\/wp-json\/wp\/v2\/pages\/2528\/revisions"}],"predecessor-version":[{"id":13730,"href":"https:\/\/latorreinsurance.com\/seguros-latorre\/wp-json\/wp\/v2\/pages\/2528\/revisions\/13730"}],"wp:attachment":[{"href":"https:\/\/latorreinsurance.com\/seguros-latorre\/wp-json\/wp\/v2\/media?parent=2528"}],"curies":[{"name":"wp","href":"https:\/\/api.w.org\/{rel}","templated":true}]}}