{"id":1500,"date":"2019-12-09T07:34:52","date_gmt":"2019-12-09T07:34:52","guid":{"rendered":"https:\/\/smartdata.tonytemplates.com\/electrician-v2demo3\/?page_id=1500"},"modified":"2024-04-05T13:29:40","modified_gmt":"2024-04-05T13:29:40","slug":"preguntas-frecuentes","status":"publish","type":"page","link":"https:\/\/latorreinsurance.com\/seguros-latorre\/preguntas-frecuentes\/","title":{"rendered":"Preguntas Frecuentes"},"content":{"rendered":"\t\t<div data-elementor-type=\"wp-page\" data-elementor-id=\"1500\" class=\"elementor elementor-1500\" data-elementor-post-type=\"page\">\n\t\t\t\t\t\t<section class=\"elementor-section elementor-top-section elementor-element elementor-element-f6ce48a elementor-section-stretched elementor-section-full_width elementor-section-height-default elementor-section-height-default\" data-id=\"f6ce48a\" data-element_type=\"section\" data-settings=\"{&quot;stretch_section&quot;:&quot;section-stretched&quot;}\">\n\t\t\t\t\t\t<div class=\"elementor-container elementor-column-gap-no\">\n\t\t\t\t\t<div class=\"elementor-column elementor-col-100 elementor-top-column elementor-element elementor-element-fac15be\" data-id=\"fac15be\" data-element_type=\"column\">\n\t\t\t<div class=\"elementor-widget-wrap elementor-element-populated\">\n\t\t\t\t\t\t<div class=\"elementor-element elementor-element-3ba7846 elementor-widget elementor-widget-elec_faqs\" data-id=\"3ba7846\" data-element_type=\"widget\" data-widget_type=\"elec_faqs.default\">\n\t\t\t\t<div class=\"elementor-widget-container\">\n\t\t\t\t\t\t\t\t\t<div class=\"section-indent\">\n\t\t\t\t\t<div class=\"container container-md-fluid\">\n\t\t\t\t\t\t<div class=\"section-title max-width-01\">\n\t\t\t\t\t\t\t<div class=\"section-title__01\">\u00bfTiene preguntas? \u00a1Nosotros tenemos las respuestas!<\/div>\n\t\t\t\t\t\t\t<div class=\"section-title__02\"><b>Preguntas<\/b> Frecuentes<\/div>\n\t\t\t\t\t\t\t<div class=\"section-title__03\">\n\t\t\t\t\t\t\tA continuaci\u00f3n le ofrecemos una lista de las preguntas m\u00e1s frecuentes que recibimos sobre seguros:\t\t\t\t\t\t\t<\/div>\n\t\t\t\t\t\t<\/div>\n\t\t\t\t\t\t<div class=\"row tt-faq\">\n\t\t\t\t\t\t\t<div class=\"col-md-6\">\n\t\t\t\t\t\t\t\t<div class=\"js-accordeon\">\n\t\t\t\t\t\t\t\t\t\t\t\t\t\t\t\t\t<div class=\"tt-item\">\n\t\t\t\t\t\t\t\t\t\t<div class=\"tt-item__marker\"><\/div>\n\t\t\t\t\t\t\t\t\t\t<div class=\"tt-item__title\">\u00bfNecesito una licencia de conducir v\u00e1lida para comprar una p\u00f3liza de seguro de auto?<\/div>\n\t\t\t\t\t\t\t\t\t\t<div class=\"tt-item__content\">\n\t\t\t\t\t\t\t\t\t\tPara registrar un veh\u00edculo, es necesario tener una licencia de conducir v\u00e1lida, pero no es necesario tener una licencia para comprar una p\u00f3liza de seguro. Necesita es tener una forma v\u00e1lida de identificaci\u00f3n, como un ID, ID extranjero o un permiso.\t\t\t\t\t\t\t\t\t\t<\/div>\n\t\t\t\t\t\t\t\t\t<\/div>\n\t\t\t\t\t\t\t\t\t\t\t\t\t\t\t\t\t\t<div class=\"tt-item\">\n\t\t\t\t\t\t\t\t\t\t<div class=\"tt-item__marker\"><\/div>\n\t\t\t\t\t\t\t\t\t\t<div class=\"tt-item__title\">\u00bfPuedo agregar a familiares en mi p\u00f3liza de seguro de auto?<\/div>\n\t\t\t\t\t\t\t\t\t\t<div class=\"tt-item__content\">\n\t\t\t\t\t\t\t\t\t\tDependiendo del tipo de p\u00f3liza, usted puede agregar a miembros de la familia en su p\u00f3liza.\t\t\t\t\t\t\t\t\t\t<\/div>\n\t\t\t\t\t\t\t\t\t<\/div>\n\t\t\t\t\t\t\t\t\t\t\t\t\t\t\t\t\t\t<div class=\"tt-item\">\n\t\t\t\t\t\t\t\t\t\t<div class=\"tt-item__marker\"><\/div>\n\t\t\t\t\t\t\t\t\t\t<div class=\"tt-item__title\">\u00bfQu\u00e9 tipo de cobertura de seguro necesito si compro una casa?<\/div>\n\t\t\t\t\t\t\t\t\t\t<div class=\"tt-item__content\">\n\t\t\t\t\t\t\t\t\t\tUna p\u00f3liza est\u00e1ndar de propietarios de vivienda si la casa va a ser ocupada por el propietario.\t\t\t\t\t\t\t\t\t\t<\/div>\n\t\t\t\t\t\t\t\t\t<\/div>\n\t\t\t\t\t\t\t\t\t\t\t\t\t\t\t\t\t\t<div class=\"tt-item\">\n\t\t\t\t\t\t\t\t\t\t<div class=\"tt-item__marker\"><\/div>\n\t\t\t\t\t\t\t\t\t\t<div class=\"tt-item__title\">\u00bfPuedo tener cobertura de seguro de auto con la licencia vencida? <\/div>\n\t\t\t\t\t\t\t\t\t\t<div class=\"tt-item__content\">\n\t\t\t\t\t\t\t\t\t\tSi puede. Varias compa\u00f1\u00edas ofrecen cobertura total y de responsabilidad con una licencia vencida.\t\t\t\t\t\t\t\t\t\t<\/div>\n\t\t\t\t\t\t\t\t\t<\/div>\n\t\t\t\t\t\t\t\t\t\t\t\t\t\t\t\t\t\t<div class=\"tt-item\">\n\t\t\t\t\t\t\t\t\t\t<div class=\"tt-item__marker\"><\/div>\n\t\t\t\t\t\t\t\t\t\t<div class=\"tt-item__title\">Quiero abrir mi propio negocio. \u00bfQu\u00e9 tipo de seguro necesito? <\/div>\n\t\t\t\t\t\t\t\t\t\t<div class=\"tt-item__content\">\n\t\t\t\t\t\t\t\t\t\tPara empezar como debe ser, debe obtener un seguro de responsabilidad civil general (general liability) y de compensaci\u00f3n para trabajadores (workers compensation).\t\t\t\t\t\t\t\t\t\t<\/div>\n\t\t\t\t\t\t\t\t\t<\/div>\n\t\t\t\t\t\t\t\t\t\t\t\t\t\t\t\t\t\t<div class=\"tt-item\">\n\t\t\t\t\t\t\t\t\t\t<div class=\"tt-item__marker\"><\/div>\n\t\t\t\t\t\t\t\t\t\t<div class=\"tt-item__title\">En mi negocio utilizamos varios autos y camionetas, \u00bfqu\u00e9 tipo de seguro de auto necesito?<\/div>\n\t\t\t\t\t\t\t\t\t\t<div class=\"tt-item__content\">\n\t\t\t\t\t\t\t\t\t\tUsted necesita un seguro de auto comercial para los autos que operan en su negocio.\t\t\t\t\t\t\t\t\t\t<\/div>\n\t\t\t\t\t\t\t\t\t<\/div>\n\t\t\t\t\t\t\t\t\t\t\t\t\t\t\t\t\t<\/div> \n\t\t\t\t\t\t\t<\/div>\n\t\t\t\t\t\t\t<div class=\"col-md-6\">\n\t\t\t\t\t\t\t\t<div class=\"js-accordeon\">\n\t\t\t\t\t\t\t\t\t\t\t\t\t\t\t\t\t<div class=\"tt-item\">\n\t\t\t\t\t\t\t\t\t\t<div class=\"tt-item__marker\"><\/div>\n\t\t\t\t\t\t\t\t\t\t<div class=\"tt-item__title\">\u00bfQu\u00e9 es responsabilidad civil general o general liability? <\/div>\n\t\t\t\t\t\t\t\t\t\t<div class=\"tt-item__content\">\n\t\t\t\t\t\t\t\t\t\tEl seguro de responsabilidad civil es un tipo de p\u00f3liza de seguro en el mercado asegurador de los Estados Unidos. Suele ser la cobertura de primera l\u00ednea adquirida por una empresa. La p\u00f3liza cubre muchos de los riesgos comunes que pueden suceder en y a cualquier tipo de negocio, tales como lesiones corporales o da\u00f1os materiales en el establecimiento o lugar de trabajo. Tambi\u00e9n cubre riesgos debido a las operaciones del negocio, lesiones personales y de publicidad negativa, as\u00ed como pagos m\u00e9dicos.\t\t\t\t\t\t\t\t\t\t<\/div>\n\t\t\t\t\t\t\t\t\t<\/div>\n\t\t\t\t\t\t\t\t\t\t\t\t\t\t\t\t\t\t\t<div class=\"tt-item\">\n\t\t\t\t\t\t\t\t\t\t<div class=\"tt-item__marker\"><\/div>\n\t\t\t\t\t\t\t\t\t\t<div class=\"tt-item__title\">\u00bfQu\u00e9 es compensaci\u00f3n para trabajadores o workers compensation? <\/div>\n\t\t\t\t\t\t\t\t\t\t<div class=\"tt-item__content\">\n\t\t\t\t\t\t\t\t\t\tEl seguro de compensaci\u00f3n para trabajadores es una forma de seguro que proporciona reemplazo de salarios perdidos y beneficios m\u00e9dicos a los empleados lesionados en el transcurso del empleo. A cambio, el trabajador cede o renuncia al derecho de demandar a su empleador por negligencia.\t\t\t\t\t\t\t\t\t\t<\/div>\n\t\t\t\t\t\t\t\t\t<\/div>\n\t\t\t\t\t\t\t\t\t\t\t\t\t\t\t\t\t\t\t<div class=\"tt-item\">\n\t\t\t\t\t\t\t\t\t\t<div class=\"tt-item__marker\"><\/div>\n\t\t\t\t\t\t\t\t\t\t<div class=\"tt-item__title\">\u00bfCu\u00e1nto tiempo tarda recibir un certificado de seguro? <\/div>\n\t\t\t\t\t\t\t\t\t\t<div class=\"tt-item__content\">\n\t\t\t\t\t\t\t\t\t\tDependiendo del tipo de certificado, podr\u00eda tardar entre 24 y 48 horas para recibirlo.\t\t\t\t\t\t\t\t\t\t<\/div>\n\t\t\t\t\t\t\t\t\t<\/div>\n\t\t\t\t\t\t\t\t\t\t\t\t\t\t\t\t\t\t\t<div class=\"tt-item\">\n\t\t\t\t\t\t\t\t\t\t<div class=\"tt-item__marker\"><\/div>\n\t\t\t\t\t\t\t\t\t\t<div class=\"tt-item__title\">\u00bfNecesito un seguro de vida? <\/div>\n\t\t\t\t\t\t\t\t\t\t<div class=\"tt-item__content\">\n\t\t\t\t\t\t\t\t\t\tPara particulares, es aconsejable tener alg\u00fan tipo de seguro de vida si su salario es el principal sost\u00e9n econ\u00f3mico de la familia. Por lo general, la mayor\u00eda de los asesores recomiendan 10-15 veces su ingreso anual. Otras personas optan por tener un seguro de vida para cubrir los gastos finales, tales como gastos m\u00e9dicos, gastos funerarios, y deudas pendientes. Para el due\u00f1o de un negocio, hay a\u00fan m\u00e1s razones para tener un seguro de vida, tales como financiaci\u00f3n de la sucesi\u00f3n del negocio y la protecci\u00f3n de empleados clave.\t\t\t\t\t\t\t\t\t\t<\/div>\n\t\t\t\t\t\t\t\t\t<\/div>\n\t\t\t\t\t\t\t\t\t\t\t\t\t\t\t\t\t\t\t<div class=\"tt-item\">\n\t\t\t\t\t\t\t\t\t\t<div class=\"tt-item__marker\"><\/div>\n\t\t\t\t\t\t\t\t\t\t<div class=\"tt-item__title\">\u00bfQu\u00e9 es el seguro de vida a t\u00e9rmino?<\/div>\n\t\t\t\t\t\t\t\t\t\t<div class=\"tt-item__content\">\n\t\t\t\t\t\t\t\t\t\tEl seguro de vida a t\u00e9rmino proporciona un beneficio por fallecimiento para cubrir los gastos funerarios, facturas m\u00e9dicas y otras deudas. Tambi\u00e9n se puede utilizar para reemplazar los ingresos del fallecido, permitiendo a su familia mantener su estilo de vida.\t\t\t\t\t\t\t\t\t\t<\/div>\n\t\t\t\t\t\t\t\t\t<\/div>\n\t\t\t\t\t\t\t\t\t\t\t\t\t\t\t\t\t\t<\/div> \n\t\t\t\t\t\t\t<\/div>\n\n\t\t\t\t\t\t<\/div>\n\t\t\t\t\t<\/div>\n\t\t\t\t<\/div>\n\t\t\t\t\t\t<\/div>\n\t\t\t\t<\/div>\n\t\t\t\t\t<\/div>\n\t\t<\/div>\n\t\t\t\t\t<\/div>\n\t\t<\/section>\n\t\t\t\t<section class=\"elementor-section elementor-top-section elementor-element elementor-element-37e9243 elementor-section-stretched elementor-section-full_width elementor-section-height-default elementor-section-height-default\" data-id=\"37e9243\" data-element_type=\"section\" data-settings=\"{&quot;stretch_section&quot;:&quot;section-stretched&quot;}\">\n\t\t\t\t\t\t<div class=\"elementor-container elementor-column-gap-no\">\n\t\t\t\t\t<div class=\"elementor-column elementor-col-100 elementor-top-column elementor-element elementor-element-8cad441\" data-id=\"8cad441\" data-element_type=\"column\">\n\t\t\t<div class=\"elementor-widget-wrap elementor-element-populated\">\n\t\t\t\t\t\t<div class=\"elementor-element elementor-element-54d969d elementor-widget elementor-widget-electrician_contact_form\" data-id=\"54d969d\" data-element_type=\"widget\" data-widget_type=\"electrician_contact_form.default\">\n\t\t\t\t<div class=\"elementor-widget-container\">\n\t\t\t <div class=\"section-indent\">\n\t<div class=\"container container-md-fluid\">\n\t\t<div class=\"section-title max-width-01\">\n\t\t\t<div class=\"section-title__01\">Env\u00edenos sus preguntas<\/div>\n\t\t\t<div class=\"section-title__02\">Estamos para ayudarle<\/div>\n\t\t\t\t\t<div class=\"section-title__03\">\n\t\t\tComplete el formulario para hablar directamente con uno de nuestros agentes.\t\t\t<\/div>\n\t\t\t\t<\/div>\n\t\t<div class=\"row justify-content-center\">\n\t\t\t<div class=\"col-md-8\">\n\t\t\n<div class=\"wpcf7 no-js\" id=\"wpcf7-f2261-o1\" lang=\"en-US\" dir=\"ltr\" data-wpcf7-id=\"2261\">\n<div class=\"screen-reader-response\"><p role=\"status\" aria-live=\"polite\" aria-atomic=\"true\"><\/p> <ul><\/ul><\/div>\n<form action=\"\/seguros-latorre\/wp-json\/wp\/v2\/pages\/1500#wpcf7-f2261-o1\" method=\"post\" class=\"wpcf7-form init\" aria-label=\"Contact form\" novalidate=\"novalidate\" data-status=\"init\">\n<fieldset class=\"hidden-fields-container\"><input type=\"hidden\" name=\"_wpcf7\" value=\"2261\" \/><input type=\"hidden\" name=\"_wpcf7_version\" value=\"6.1.5\" \/><input type=\"hidden\" name=\"_wpcf7_locale\" value=\"en_US\" \/><input type=\"hidden\" name=\"_wpcf7_unit_tag\" value=\"wpcf7-f2261-o1\" \/><input type=\"hidden\" name=\"_wpcf7_container_post\" value=\"0\" \/><input type=\"hidden\" name=\"_wpcf7_posted_data_hash\" value=\"\" \/><input type=\"hidden\" name=\"_wpcf7_recaptcha_response\" value=\"\" \/>\n<\/fieldset>\n<div class=\"form-default\">\n\t<div class=\"form-group\">\n\t\t<p><span class=\"wpcf7-form-control-wrap\" data-name=\"your-name\"><input size=\"40\" maxlength=\"400\" class=\"wpcf7-form-control wpcf7-text wpcf7-validates-as-required form-control\" aria-required=\"true\" aria-invalid=\"false\" placeholder=\"Su nombre*\" value=\"\" type=\"text\" name=\"your-name\" \/><\/span>\n\t\t<\/p>\n\t<\/div>\n\t<div class=\"row\">\n\t\t<div class=\"col-md-6\">\n\t\t\t<div class=\"form-group\">\n\t\t\t\t<p><span class=\"wpcf7-form-control-wrap\" data-name=\"your-email\"><input size=\"40\" maxlength=\"400\" class=\"wpcf7-form-control wpcf7-email wpcf7-validates-as-required wpcf7-text wpcf7-validates-as-email form-control\" aria-required=\"true\" aria-invalid=\"false\" placeholder=\"Su correo electr\u00f3nico*\" value=\"\" type=\"email\" name=\"your-email\" \/><\/span>\n\t\t\t\t<\/p>\n\t\t\t<\/div>\n\t\t<\/div>\n\t\t<div class=\"col-md-6\">\n\t\t\t<div class=\"form-group\">\n\t\t\t\t<p><span class=\"wpcf7-form-control-wrap\" data-name=\"your-phone\"><input size=\"40\" maxlength=\"400\" class=\"wpcf7-form-control wpcf7-text wpcf7-validates-as-required form-control\" aria-required=\"true\" aria-invalid=\"false\" placeholder=\"Su n\u00famero de tel\u00e9fono\" value=\"\" type=\"text\" name=\"your-phone\" \/><\/span>\n\t\t\t\t<\/p>\n\t\t\t<\/div>\n\t\t<\/div>\n\t<\/div>\n\t<div class=\"form-group\">\n\t\t<p><span class=\"wpcf7-form-control-wrap\" data-name=\"your-message\"><textarea cols=\"40\" rows=\"4\" maxlength=\"2000\" class=\"wpcf7-form-control wpcf7-textarea form-control\" aria-invalid=\"false\" placeholder=\"Pregunta en detalle*\" name=\"your-message\"><\/textarea><\/span>\n\t\t<\/p>\n\t<\/div>\n\t<div class=\"form-group\">\n\t\t<div class=\"tt-notes text-center\">\n\t\t\t<p>* Latorre Insurance ofrece cobertura S\u00d3LO a residentes y empresas de Carolina del Norte y del Sur.\n\t\t\t<\/p>\n\t\t<\/div>\n\t<\/div>\n\t<div class=\"form-group text-center\">\n\t\t<p><button class=\"tt-btn btn__color01 wpcf7-form-control wpcf7-submit\" type=\"submit\">Haz tu pregunta<\/button>\n\t\t<\/p>\n\t<\/div>\n<\/div><div class=\"wpcf7-response-output\" aria-hidden=\"true\"><\/div>\n<\/form>\n<\/div>\n\t\t\t<\/div>\n\t\t<\/div>\n\t<\/div>\n<\/div> \n\t\t\t\t<\/div>\n\t\t\t\t<\/div>\n\t\t\t\t\t<\/div>\n\t\t<\/div>\n\t\t\t\t\t<\/div>\n\t\t<\/section>\n\t\t\t\t<\/div>\n\t\t","protected":false},"excerpt":{"rendered":"<p>\u00bfTiene preguntas? \u00a1Nosotros tenemos las respuestas! Preguntas Frecuentes A continuaci\u00f3n le ofrecemos una lista de las preguntas m\u00e1s frecuentes que recibimos sobre seguros: \u00bfNecesito una licencia de conducir v\u00e1lida para comprar una p\u00f3liza de seguro de auto? Para registrar un veh\u00edculo, es necesario tener una licencia de conducir v\u00e1lida, pero no es necesario tener una [&hellip;]<\/p>\n","protected":false},"author":1,"featured_media":0,"parent":0,"menu_order":0,"comment_status":"closed","ping_status":"closed","template":"elementor_header_footer","meta":{"footnotes":""},"class_list":["post-1500","page","type-page","status-publish","hentry"],"yoast_head":"<!-- This site is optimized with the Yoast SEO plugin v22.4 - https:\/\/yoast.com\/wordpress\/plugins\/seo\/ -->\n<title>Preguntas Frecuentes - Seguros Latorre<\/title>\n<meta name=\"description\" content=\"Encuentra respuestas a tus preguntas sobre seguros en Seguros Latorre. Consulta nuestras preguntas frecuentes en l\u00ednea.\" \/>\n<meta name=\"robots\" content=\"index, follow, max-snippet:-1, max-image-preview:large, max-video-preview:-1\" \/>\n<link rel=\"canonical\" href=\"https:\/\/latorreinsurance.com\/seguros-latorre\/preguntas-frecuentes\/\" \/>\n<meta property=\"og:locale\" content=\"es_ES\" \/>\n<meta property=\"og:type\" content=\"article\" \/>\n<meta property=\"og:title\" content=\"Preguntas Frecuentes - Seguros Latorre\" \/>\n<meta property=\"og:description\" content=\"Encuentra respuestas a tus preguntas sobre seguros en Seguros Latorre. Consulta nuestras preguntas frecuentes en l\u00ednea.\" \/>\n<meta property=\"og:url\" content=\"https:\/\/latorreinsurance.com\/seguros-latorre\/preguntas-frecuentes\/\" \/>\n<meta property=\"og:site_name\" content=\"Seguros Latorre\" \/>\n<meta property=\"article:modified_time\" content=\"2024-04-05T13:29:40+00:00\" \/>\n<meta name=\"twitter:card\" content=\"summary_large_image\" \/>\n<meta name=\"twitter:label1\" content=\"Tiempo de lectura\" \/>\n\t<meta name=\"twitter:data1\" content=\"3 minutos\" \/>\n<script type=\"application\/ld+json\" class=\"yoast-schema-graph\">{\"@context\":\"https:\/\/schema.org\",\"@graph\":[{\"@type\":\"WebPage\",\"@id\":\"https:\/\/latorreinsurance.com\/seguros-latorre\/preguntas-frecuentes\/\",\"url\":\"https:\/\/latorreinsurance.com\/seguros-latorre\/preguntas-frecuentes\/\",\"name\":\"Preguntas Frecuentes - Seguros Latorre\",\"isPartOf\":{\"@id\":\"https:\/\/latorreinsurance.com\/seguros-latorre\/#website\"},\"datePublished\":\"2019-12-09T07:34:52+00:00\",\"dateModified\":\"2024-04-05T13:29:40+00:00\",\"description\":\"Encuentra respuestas a tus preguntas sobre seguros en Seguros Latorre. Consulta nuestras preguntas frecuentes en l\u00ednea.\",\"breadcrumb\":{\"@id\":\"https:\/\/latorreinsurance.com\/seguros-latorre\/preguntas-frecuentes\/#breadcrumb\"},\"inLanguage\":\"es\",\"potentialAction\":[{\"@type\":\"ReadAction\",\"target\":[\"https:\/\/latorreinsurance.com\/seguros-latorre\/preguntas-frecuentes\/\"]}]},{\"@type\":\"BreadcrumbList\",\"@id\":\"https:\/\/latorreinsurance.com\/seguros-latorre\/preguntas-frecuentes\/#breadcrumb\",\"itemListElement\":[{\"@type\":\"ListItem\",\"position\":1,\"name\":\"Home\",\"item\":\"https:\/\/latorreinsurance.com\/seguros-latorre\/\"},{\"@type\":\"ListItem\",\"position\":2,\"name\":\"Preguntas Frecuentes\"}]},{\"@type\":\"WebSite\",\"@id\":\"https:\/\/latorreinsurance.com\/seguros-latorre\/#website\",\"url\":\"https:\/\/latorreinsurance.com\/seguros-latorre\/\",\"name\":\"Seguros Latorre\",\"description\":\"Serving the Carolinas\",\"potentialAction\":[{\"@type\":\"SearchAction\",\"target\":{\"@type\":\"EntryPoint\",\"urlTemplate\":\"https:\/\/latorreinsurance.com\/seguros-latorre\/?s={search_term_string}\"},\"query-input\":\"required name=search_term_string\"}],\"inLanguage\":\"es\"}]}<\/script>\n<!-- \/ Yoast SEO plugin. -->","yoast_head_json":{"title":"Preguntas Frecuentes - Seguros Latorre","description":"Encuentra respuestas a tus preguntas sobre seguros en Seguros Latorre. Consulta nuestras preguntas frecuentes en l\u00ednea.","robots":{"index":"index","follow":"follow","max-snippet":"max-snippet:-1","max-image-preview":"max-image-preview:large","max-video-preview":"max-video-preview:-1"},"canonical":"https:\/\/latorreinsurance.com\/seguros-latorre\/preguntas-frecuentes\/","og_locale":"es_ES","og_type":"article","og_title":"Preguntas Frecuentes - Seguros Latorre","og_description":"Encuentra respuestas a tus preguntas sobre seguros en Seguros Latorre. Consulta nuestras preguntas frecuentes en l\u00ednea.","og_url":"https:\/\/latorreinsurance.com\/seguros-latorre\/preguntas-frecuentes\/","og_site_name":"Seguros Latorre","article_modified_time":"2024-04-05T13:29:40+00:00","twitter_card":"summary_large_image","twitter_misc":{"Tiempo de lectura":"3 minutos"},"schema":{"@context":"https:\/\/schema.org","@graph":[{"@type":"WebPage","@id":"https:\/\/latorreinsurance.com\/seguros-latorre\/preguntas-frecuentes\/","url":"https:\/\/latorreinsurance.com\/seguros-latorre\/preguntas-frecuentes\/","name":"Preguntas Frecuentes - Seguros Latorre","isPartOf":{"@id":"https:\/\/latorreinsurance.com\/seguros-latorre\/#website"},"datePublished":"2019-12-09T07:34:52+00:00","dateModified":"2024-04-05T13:29:40+00:00","description":"Encuentra respuestas a tus preguntas sobre seguros en Seguros Latorre. Consulta nuestras preguntas frecuentes en l\u00ednea.","breadcrumb":{"@id":"https:\/\/latorreinsurance.com\/seguros-latorre\/preguntas-frecuentes\/#breadcrumb"},"inLanguage":"es","potentialAction":[{"@type":"ReadAction","target":["https:\/\/latorreinsurance.com\/seguros-latorre\/preguntas-frecuentes\/"]}]},{"@type":"BreadcrumbList","@id":"https:\/\/latorreinsurance.com\/seguros-latorre\/preguntas-frecuentes\/#breadcrumb","itemListElement":[{"@type":"ListItem","position":1,"name":"Home","item":"https:\/\/latorreinsurance.com\/seguros-latorre\/"},{"@type":"ListItem","position":2,"name":"Preguntas Frecuentes"}]},{"@type":"WebSite","@id":"https:\/\/latorreinsurance.com\/seguros-latorre\/#website","url":"https:\/\/latorreinsurance.com\/seguros-latorre\/","name":"Seguros Latorre","description":"Serving the Carolinas","potentialAction":[{"@type":"SearchAction","target":{"@type":"EntryPoint","urlTemplate":"https:\/\/latorreinsurance.com\/seguros-latorre\/?s={search_term_string}"},"query-input":"required name=search_term_string"}],"inLanguage":"es"}]}},"_links":{"self":[{"href":"https:\/\/latorreinsurance.com\/seguros-latorre\/wp-json\/wp\/v2\/pages\/1500","targetHints":{"allow":["GET"]}}],"collection":[{"href":"https:\/\/latorreinsurance.com\/seguros-latorre\/wp-json\/wp\/v2\/pages"}],"about":[{"href":"https:\/\/latorreinsurance.com\/seguros-latorre\/wp-json\/wp\/v2\/types\/page"}],"author":[{"embeddable":true,"href":"https:\/\/latorreinsurance.com\/seguros-latorre\/wp-json\/wp\/v2\/users\/1"}],"replies":[{"embeddable":true,"href":"https:\/\/latorreinsurance.com\/seguros-latorre\/wp-json\/wp\/v2\/comments?post=1500"}],"version-history":[{"count":35,"href":"https:\/\/latorreinsurance.com\/seguros-latorre\/wp-json\/wp\/v2\/pages\/1500\/revisions"}],"predecessor-version":[{"id":11223,"href":"https:\/\/latorreinsurance.com\/seguros-latorre\/wp-json\/wp\/v2\/pages\/1500\/revisions\/11223"}],"wp:attachment":[{"href":"https:\/\/latorreinsurance.com\/seguros-latorre\/wp-json\/wp\/v2\/media?parent=1500"}],"curies":[{"name":"wp","href":"https:\/\/api.w.org\/{rel}","templated":true}]}}