{"id":13504,"date":"2024-07-15T13:21:12","date_gmt":"2024-07-15T13:21:12","guid":{"rendered":"https:\/\/latorreinsurance.com\/seguros-latorre\/?page_id=13504"},"modified":"2024-07-15T13:22:23","modified_gmt":"2024-07-15T13:22:23","slug":"certificado-de-seguro","status":"publish","type":"page","link":"https:\/\/latorreinsurance.com\/seguros-latorre\/certificado-de-seguro\/","title":{"rendered":"Certificado de Seguro"},"content":{"rendered":"\t\t<div data-elementor-type=\"wp-page\" data-elementor-id=\"13504\" class=\"elementor elementor-13504\" data-elementor-post-type=\"page\">\n\t\t\t\t\t\t<section class=\"elementor-section elementor-top-section elementor-element elementor-element-6b45712 elementor-section-stretched elementor-section-full_width elementor-section-height-default elementor-section-height-default\" data-id=\"6b45712\" data-element_type=\"section\" data-settings=\"{&quot;stretch_section&quot;:&quot;section-stretched&quot;}\">\n\t\t\t\t\t\t<div class=\"elementor-container elementor-column-gap-no\">\n\t\t\t\t\t<div class=\"elementor-column elementor-col-100 elementor-top-column elementor-element elementor-element-8bde258\" data-id=\"8bde258\" data-element_type=\"column\">\n\t\t\t<div class=\"elementor-widget-wrap elementor-element-populated\">\n\t\t\t\t\t\t<div class=\"elementor-element elementor-element-fc0e903 elementor-widget elementor-widget-electrician_contact_form\" data-id=\"fc0e903\" data-element_type=\"widget\" data-widget_type=\"electrician_contact_form.default\">\n\t\t\t\t<div class=\"elementor-widget-container\">\n\t\t\t <div class=\"section-indent\">\n\t<div class=\"container container-md-fluid\">\n\t\t<div class=\"section-title max-width-01\">\n\t\t\t<div class=\"section-title__01\">Certificado de Seguro<\/div>\n\t\t\t<div class=\"section-title__02\">Solicitar un certificado<\/div>\n\t\t\t\t\t<div class=\"section-title__03\">\n\t\t\tAseg\u00farese de tener la documentaci\u00f3n que necesita cuando m\u00e1s lo necesite. Nuestro equipo est\u00e1 disponible para brindarle un servicio r\u00e1pido y confiable para todas sus necesidades de seguro.\n\n\t\t\t<\/div>\n\t\t\t\t<\/div>\n\t\t<div class=\"row justify-content-center\">\n\t\t\t<div class=\"col-md-8\">\n\t\t\n<div class=\"wpcf7 no-js\" id=\"wpcf7-f13509-o1\" lang=\"en-US\" dir=\"ltr\" data-wpcf7-id=\"13509\">\n<div class=\"screen-reader-response\"><p role=\"status\" aria-live=\"polite\" aria-atomic=\"true\"><\/p> <ul><\/ul><\/div>\n<form action=\"\/seguros-latorre\/wp-json\/wp\/v2\/pages\/13504#wpcf7-f13509-o1\" method=\"post\" class=\"wpcf7-form init\" aria-label=\"Contact form\" novalidate=\"novalidate\" data-status=\"init\">\n<fieldset class=\"hidden-fields-container\"><input type=\"hidden\" name=\"_wpcf7\" value=\"13509\" \/><input type=\"hidden\" name=\"_wpcf7_version\" value=\"6.1.5\" \/><input type=\"hidden\" name=\"_wpcf7_locale\" value=\"en_US\" \/><input type=\"hidden\" name=\"_wpcf7_unit_tag\" value=\"wpcf7-f13509-o1\" \/><input type=\"hidden\" name=\"_wpcf7_container_post\" value=\"0\" \/><input type=\"hidden\" name=\"_wpcf7_posted_data_hash\" value=\"\" \/><input type=\"hidden\" name=\"_wpcf7_recaptcha_response\" value=\"\" \/>\n<\/fieldset>\n<div class=\"form-default\">\n\t<div class=\"form-group\">\n\t\t<p><span class=\"wpcf7-form-control-wrap\" data-name=\"requestername\"><input size=\"40\" maxlength=\"400\" class=\"wpcf7-form-control wpcf7-text wpcf7-validates-as-required form-control\" aria-required=\"true\" aria-invalid=\"false\" placeholder=\"Nombre del solicitante del certificado *\" value=\"\" type=\"text\" name=\"requestername\" \/><\/span>\n\t\t<\/p>\n\t<\/div>\n\t<div class=\"form-group\">\n\t\t<p><span class=\"wpcf7-form-control-wrap\" data-name=\"requesteremail\"><input size=\"40\" maxlength=\"400\" class=\"wpcf7-form-control wpcf7-email wpcf7-validates-as-required wpcf7-text wpcf7-validates-as-email form-control\" aria-required=\"true\" aria-invalid=\"false\" placeholder=\"Correo electr\u00f3nico del solicitante del certificado *\" value=\"\" type=\"email\" name=\"requesteremail\" \/><\/span>\n\t\t<\/p>\n\t<\/div>\n\t<div class=\"form-group\">\n\t\t<p><span class=\"wpcf7-form-control-wrap\" data-name=\"certificateholder\"><input size=\"40\" maxlength=\"400\" class=\"wpcf7-form-control wpcf7-text wpcf7-validates-as-required form-control\" aria-required=\"true\" aria-invalid=\"false\" placeholder=\"Nombre del titular del certificado*\" value=\"\" type=\"text\" name=\"certificateholder\" \/><\/span>\n\t\t<\/p>\n\t<\/div>\n\t<div class=\"form-group\">\n\t\t<p><span class=\"wpcf7-form-control-wrap\" data-name=\"your-email\"><input size=\"40\" maxlength=\"400\" class=\"wpcf7-form-control wpcf7-email wpcf7-validates-as-required wpcf7-text wpcf7-validates-as-email form-control\" aria-required=\"true\" aria-invalid=\"false\" placeholder=\"Direcci\u00f3n de correo electr\u00f3nico del titular del certificado*\" value=\"\" type=\"email\" name=\"your-email\" \/><\/span>\n\t\t<\/p>\n\t<\/div>\n\t<div class=\"form-group\">\n\t\t<p><span class=\"wpcf7-form-control-wrap\" data-name=\"address\"><input size=\"40\" maxlength=\"400\" class=\"wpcf7-form-control wpcf7-text wpcf7-validates-as-required form-control\" aria-required=\"true\" aria-invalid=\"false\" placeholder=\"Direcci\u00f3n del titular del certificado*\" value=\"\" type=\"text\" name=\"address\" \/><\/span>\n\t\t<\/p>\n\t<\/div>\n\t<div class=\"row\">\n\t\t<div class=\"col-md-6\">\n\t\t\t<div class=\"form-group\">\n\t\t\t\t<p><span class=\"wpcf7-form-control-wrap\" data-name=\"citystate\"><input size=\"40\" maxlength=\"400\" class=\"wpcf7-form-control wpcf7-text wpcf7-validates-as-required form-control\" aria-required=\"true\" aria-invalid=\"false\" placeholder=\"Ciudad, Estado *\" value=\"\" type=\"text\" name=\"citystate\" \/><\/span>\n\t\t\t\t<\/p>\n\t\t\t<\/div>\n\t\t<\/div>\n\t\t<div class=\"col-md-6\">\n\t\t\t<div class=\"form-group\">\n\t\t\t\t<p><span class=\"wpcf7-form-control-wrap\" data-name=\"zipcode\"><input size=\"40\" maxlength=\"400\" class=\"wpcf7-form-control wpcf7-text wpcf7-validates-as-required form-control\" aria-required=\"true\" aria-invalid=\"false\" placeholder=\"C\u00f3digo postal *\" value=\"\" type=\"text\" name=\"zipcode\" \/><\/span>\n\t\t\t\t<\/p>\n\t\t\t<\/div>\n\t\t<\/div>\n\t<\/div>\n\t<div class=\"form-group\">\n\t\t<p><span class=\"wpcf7-form-control-wrap\" data-name=\"your-message\"><textarea cols=\"40\" rows=\"4\" maxlength=\"2000\" class=\"wpcf7-form-control wpcf7-textarea form-control\" aria-invalid=\"false\" placeholder=\"Informaci\u00f3n adicional o especial\" name=\"your-message\"><\/textarea><\/span>\n\t\t<\/p>\n\t<\/div>\n\t<div class=\"form-group\">\n\t\t<div class=\"tt-notes text-center\">\n\t\t\t<p>* Latorre Insurance ofrece cobertura S\u00d3LO a residentes y empresas de Carolina del Norte y del Sur.\n\t\t\t<\/p>\n\t\t<\/div>\n\t<\/div>\n\t<div class=\"form-group text-center\">\n\t\t<p><button class=\"tt-btn btn__color01 wpcf7-form-control wpcf7-submit\" type=\"submit\">Env\u00ede su solicitud<\/button>\n\t\t<\/p>\n\t<\/div>\n<\/div><div class=\"wpcf7-response-output\" aria-hidden=\"true\"><\/div>\n<\/form>\n<\/div>\n\t\t\t<\/div>\n\t\t<\/div>\n\t<\/div>\n<\/div> \n\t\t\t\t<\/div>\n\t\t\t\t<\/div>\n\t\t\t\t<div class=\"elementor-element elementor-element-4802827 elementor-widget elementor-widget-spacer\" data-id=\"4802827\" data-element_type=\"widget\" data-widget_type=\"spacer.default\">\n\t\t\t\t<div class=\"elementor-widget-container\">\n\t\t\t<style>\/*! elementor - v3.20.0 - 26-03-2024 *\/\n.elementor-column .elementor-spacer-inner{height:var(--spacer-size)}.e-con{--container-widget-width:100%}.e-con-inner>.elementor-widget-spacer,.e-con>.elementor-widget-spacer{width:var(--container-widget-width,var(--spacer-size));--align-self:var(--container-widget-align-self,initial);--flex-shrink:0}.e-con-inner>.elementor-widget-spacer>.elementor-widget-container,.e-con>.elementor-widget-spacer>.elementor-widget-container{height:100%;width:100%}.e-con-inner>.elementor-widget-spacer>.elementor-widget-container>.elementor-spacer,.e-con>.elementor-widget-spacer>.elementor-widget-container>.elementor-spacer{height:100%}.e-con-inner>.elementor-widget-spacer>.elementor-widget-container>.elementor-spacer>.elementor-spacer-inner,.e-con>.elementor-widget-spacer>.elementor-widget-container>.elementor-spacer>.elementor-spacer-inner{height:var(--container-widget-height,var(--spacer-size))}.e-con-inner>.elementor-widget-spacer.elementor-widget-empty,.e-con>.elementor-widget-spacer.elementor-widget-empty{position:relative;min-height:22px;min-width:22px}.e-con-inner>.elementor-widget-spacer.elementor-widget-empty .elementor-widget-empty-icon,.e-con>.elementor-widget-spacer.elementor-widget-empty .elementor-widget-empty-icon{position:absolute;top:0;bottom:0;left:0;right:0;margin:auto;padding:0;width:22px;height:22px}<\/style>\t\t<div class=\"elementor-spacer\">\n\t\t\t<div class=\"elementor-spacer-inner\"><\/div>\n\t\t<\/div>\n\t\t\t\t<\/div>\n\t\t\t\t<\/div>\n\t\t\t\t\t<\/div>\n\t\t<\/div>\n\t\t\t\t\t<\/div>\n\t\t<\/section>\n\t\t\t\t<\/div>\n\t\t","protected":false},"excerpt":{"rendered":"<p>Certificado de Seguro Solicitar un certificado Aseg\u00farese de tener la documentaci\u00f3n que necesita cuando m\u00e1s lo necesite. Nuestro equipo est\u00e1 disponible para brindarle un servicio r\u00e1pido y confiable para todas sus necesidades de seguro. * Latorre Insurance ofrece cobertura S\u00d3LO a residentes y empresas de Carolina del Norte y del Sur. Env\u00ede su solicitud<\/p>\n","protected":false},"author":1,"featured_media":0,"parent":0,"menu_order":0,"comment_status":"closed","ping_status":"closed","template":"elementor_header_footer","meta":{"footnotes":""},"class_list":["post-13504","page","type-page","status-publish","hentry"],"yoast_head":"<!-- This site is optimized with the Yoast SEO plugin v22.4 - https:\/\/yoast.com\/wordpress\/plugins\/seo\/ -->\n<title>Certificado de Seguro - Seguros Latorre<\/title>\n<meta name=\"description\" content=\"Encuentra respuestas a tus preguntas sobre seguros en Seguros Latorre. Consulta nuestras preguntas frecuentes en l\u00ednea.\" \/>\n<meta name=\"robots\" content=\"index, follow, max-snippet:-1, max-image-preview:large, max-video-preview:-1\" \/>\n<link rel=\"canonical\" href=\"https:\/\/latorreinsurance.com\/seguros-latorre\/certificado-de-seguro\/\" \/>\n<meta property=\"og:locale\" content=\"es_ES\" \/>\n<meta property=\"og:type\" content=\"article\" \/>\n<meta property=\"og:title\" content=\"Certificado de Seguro - Seguros Latorre\" \/>\n<meta property=\"og:description\" content=\"Encuentra respuestas a tus preguntas sobre seguros en Seguros Latorre. Consulta nuestras preguntas frecuentes en l\u00ednea.\" \/>\n<meta property=\"og:url\" content=\"https:\/\/latorreinsurance.com\/seguros-latorre\/certificado-de-seguro\/\" \/>\n<meta property=\"og:site_name\" content=\"Seguros Latorre\" \/>\n<meta property=\"article:modified_time\" content=\"2024-07-15T13:22:23+00:00\" \/>\n<meta name=\"twitter:card\" content=\"summary_large_image\" \/>\n<meta name=\"twitter:label1\" content=\"Tiempo de lectura\" \/>\n\t<meta name=\"twitter:data1\" content=\"1 minuto\" \/>\n<script type=\"application\/ld+json\" class=\"yoast-schema-graph\">{\"@context\":\"https:\/\/schema.org\",\"@graph\":[{\"@type\":\"WebPage\",\"@id\":\"https:\/\/latorreinsurance.com\/seguros-latorre\/certificado-de-seguro\/\",\"url\":\"https:\/\/latorreinsurance.com\/seguros-latorre\/certificado-de-seguro\/\",\"name\":\"Certificado de Seguro - Seguros Latorre\",\"isPartOf\":{\"@id\":\"https:\/\/latorreinsurance.com\/seguros-latorre\/#website\"},\"datePublished\":\"2024-07-15T13:21:12+00:00\",\"dateModified\":\"2024-07-15T13:22:23+00:00\",\"description\":\"Encuentra respuestas a tus preguntas sobre seguros en Seguros Latorre. Consulta nuestras preguntas frecuentes en l\u00ednea.\",\"breadcrumb\":{\"@id\":\"https:\/\/latorreinsurance.com\/seguros-latorre\/certificado-de-seguro\/#breadcrumb\"},\"inLanguage\":\"es\",\"potentialAction\":[{\"@type\":\"ReadAction\",\"target\":[\"https:\/\/latorreinsurance.com\/seguros-latorre\/certificado-de-seguro\/\"]}]},{\"@type\":\"BreadcrumbList\",\"@id\":\"https:\/\/latorreinsurance.com\/seguros-latorre\/certificado-de-seguro\/#breadcrumb\",\"itemListElement\":[{\"@type\":\"ListItem\",\"position\":1,\"name\":\"Home\",\"item\":\"https:\/\/latorreinsurance.com\/seguros-latorre\/\"},{\"@type\":\"ListItem\",\"position\":2,\"name\":\"Certificado de Seguro\"}]},{\"@type\":\"WebSite\",\"@id\":\"https:\/\/latorreinsurance.com\/seguros-latorre\/#website\",\"url\":\"https:\/\/latorreinsurance.com\/seguros-latorre\/\",\"name\":\"Seguros Latorre\",\"description\":\"Serving the Carolinas\",\"potentialAction\":[{\"@type\":\"SearchAction\",\"target\":{\"@type\":\"EntryPoint\",\"urlTemplate\":\"https:\/\/latorreinsurance.com\/seguros-latorre\/?s={search_term_string}\"},\"query-input\":\"required name=search_term_string\"}],\"inLanguage\":\"es\"}]}<\/script>\n<!-- \/ Yoast SEO plugin. -->","yoast_head_json":{"title":"Certificado de Seguro - Seguros Latorre","description":"Encuentra respuestas a tus preguntas sobre seguros en Seguros Latorre. Consulta nuestras preguntas frecuentes en l\u00ednea.","robots":{"index":"index","follow":"follow","max-snippet":"max-snippet:-1","max-image-preview":"max-image-preview:large","max-video-preview":"max-video-preview:-1"},"canonical":"https:\/\/latorreinsurance.com\/seguros-latorre\/certificado-de-seguro\/","og_locale":"es_ES","og_type":"article","og_title":"Certificado de Seguro - Seguros Latorre","og_description":"Encuentra respuestas a tus preguntas sobre seguros en Seguros Latorre. Consulta nuestras preguntas frecuentes en l\u00ednea.","og_url":"https:\/\/latorreinsurance.com\/seguros-latorre\/certificado-de-seguro\/","og_site_name":"Seguros Latorre","article_modified_time":"2024-07-15T13:22:23+00:00","twitter_card":"summary_large_image","twitter_misc":{"Tiempo de lectura":"1 minuto"},"schema":{"@context":"https:\/\/schema.org","@graph":[{"@type":"WebPage","@id":"https:\/\/latorreinsurance.com\/seguros-latorre\/certificado-de-seguro\/","url":"https:\/\/latorreinsurance.com\/seguros-latorre\/certificado-de-seguro\/","name":"Certificado de Seguro - Seguros Latorre","isPartOf":{"@id":"https:\/\/latorreinsurance.com\/seguros-latorre\/#website"},"datePublished":"2024-07-15T13:21:12+00:00","dateModified":"2024-07-15T13:22:23+00:00","description":"Encuentra respuestas a tus preguntas sobre seguros en Seguros Latorre. Consulta nuestras preguntas frecuentes en l\u00ednea.","breadcrumb":{"@id":"https:\/\/latorreinsurance.com\/seguros-latorre\/certificado-de-seguro\/#breadcrumb"},"inLanguage":"es","potentialAction":[{"@type":"ReadAction","target":["https:\/\/latorreinsurance.com\/seguros-latorre\/certificado-de-seguro\/"]}]},{"@type":"BreadcrumbList","@id":"https:\/\/latorreinsurance.com\/seguros-latorre\/certificado-de-seguro\/#breadcrumb","itemListElement":[{"@type":"ListItem","position":1,"name":"Home","item":"https:\/\/latorreinsurance.com\/seguros-latorre\/"},{"@type":"ListItem","position":2,"name":"Certificado de Seguro"}]},{"@type":"WebSite","@id":"https:\/\/latorreinsurance.com\/seguros-latorre\/#website","url":"https:\/\/latorreinsurance.com\/seguros-latorre\/","name":"Seguros Latorre","description":"Serving the Carolinas","potentialAction":[{"@type":"SearchAction","target":{"@type":"EntryPoint","urlTemplate":"https:\/\/latorreinsurance.com\/seguros-latorre\/?s={search_term_string}"},"query-input":"required name=search_term_string"}],"inLanguage":"es"}]}},"_links":{"self":[{"href":"https:\/\/latorreinsurance.com\/seguros-latorre\/wp-json\/wp\/v2\/pages\/13504","targetHints":{"allow":["GET"]}}],"collection":[{"href":"https:\/\/latorreinsurance.com\/seguros-latorre\/wp-json\/wp\/v2\/pages"}],"about":[{"href":"https:\/\/latorreinsurance.com\/seguros-latorre\/wp-json\/wp\/v2\/types\/page"}],"author":[{"embeddable":true,"href":"https:\/\/latorreinsurance.com\/seguros-latorre\/wp-json\/wp\/v2\/users\/1"}],"replies":[{"embeddable":true,"href":"https:\/\/latorreinsurance.com\/seguros-latorre\/wp-json\/wp\/v2\/comments?post=13504"}],"version-history":[{"count":10,"href":"https:\/\/latorreinsurance.com\/seguros-latorre\/wp-json\/wp\/v2\/pages\/13504\/revisions"}],"predecessor-version":[{"id":13516,"href":"https:\/\/latorreinsurance.com\/seguros-latorre\/wp-json\/wp\/v2\/pages\/13504\/revisions\/13516"}],"wp:attachment":[{"href":"https:\/\/latorreinsurance.com\/seguros-latorre\/wp-json\/wp\/v2\/media?parent=13504"}],"curies":[{"name":"wp","href":"https:\/\/api.w.org\/{rel}","templated":true}]}}