{"id":12766,"date":"2024-04-09T16:46:54","date_gmt":"2024-04-09T16:46:54","guid":{"rendered":"https:\/\/latorreinsurance.com\/seguros-latorre\/?page_id=12766"},"modified":"2024-04-09T16:50:19","modified_gmt":"2024-04-09T16:50:19","slug":"aviso-de-privacidad","status":"publish","type":"page","link":"https:\/\/latorreinsurance.com\/seguros-latorre\/aviso-de-privacidad\/","title":{"rendered":"Aviso de privacidad"},"content":{"rendered":"\t\t<div data-elementor-type=\"wp-page\" data-elementor-id=\"12766\" class=\"elementor elementor-12766\" data-elementor-post-type=\"page\">\n\t\t\t\t\t\t<section class=\"elementor-section elementor-top-section elementor-element elementor-element-a81369b elementor-section-boxed elementor-section-height-default elementor-section-height-default\" data-id=\"a81369b\" data-element_type=\"section\">\n\t\t\t\t\t\t<div class=\"elementor-container elementor-column-gap-default\">\n\t\t\t\t\t<div class=\"elementor-column elementor-col-100 elementor-top-column elementor-element elementor-element-0dc72c8\" data-id=\"0dc72c8\" data-element_type=\"column\">\n\t\t\t<div class=\"elementor-widget-wrap elementor-element-populated\">\n\t\t\t\t\t\t<div class=\"elementor-element elementor-element-3c7b033 elementor-widget elementor-widget-spacer\" data-id=\"3c7b033\" data-element_type=\"widget\" data-widget_type=\"spacer.default\">\n\t\t\t\t<div class=\"elementor-widget-container\">\n\t\t\t<style>\/*! elementor - v3.20.0 - 26-03-2024 *\/\n.elementor-column .elementor-spacer-inner{height:var(--spacer-size)}.e-con{--container-widget-width:100%}.e-con-inner>.elementor-widget-spacer,.e-con>.elementor-widget-spacer{width:var(--container-widget-width,var(--spacer-size));--align-self:var(--container-widget-align-self,initial);--flex-shrink:0}.e-con-inner>.elementor-widget-spacer>.elementor-widget-container,.e-con>.elementor-widget-spacer>.elementor-widget-container{height:100%;width:100%}.e-con-inner>.elementor-widget-spacer>.elementor-widget-container>.elementor-spacer,.e-con>.elementor-widget-spacer>.elementor-widget-container>.elementor-spacer{height:100%}.e-con-inner>.elementor-widget-spacer>.elementor-widget-container>.elementor-spacer>.elementor-spacer-inner,.e-con>.elementor-widget-spacer>.elementor-widget-container>.elementor-spacer>.elementor-spacer-inner{height:var(--container-widget-height,var(--spacer-size))}.e-con-inner>.elementor-widget-spacer.elementor-widget-empty,.e-con>.elementor-widget-spacer.elementor-widget-empty{position:relative;min-height:22px;min-width:22px}.e-con-inner>.elementor-widget-spacer.elementor-widget-empty .elementor-widget-empty-icon,.e-con>.elementor-widget-spacer.elementor-widget-empty .elementor-widget-empty-icon{position:absolute;top:0;bottom:0;left:0;right:0;margin:auto;padding:0;width:22px;height:22px}<\/style>\t\t<div class=\"elementor-spacer\">\n\t\t\t<div class=\"elementor-spacer-inner\"><\/div>\n\t\t<\/div>\n\t\t\t\t<\/div>\n\t\t\t\t<\/div>\n\t\t\t\t<div class=\"elementor-element elementor-element-cbb1d17 elementor-widget elementor-widget-heading\" data-id=\"cbb1d17\" data-element_type=\"widget\" data-widget_type=\"heading.default\">\n\t\t\t\t<div class=\"elementor-widget-container\">\n\t\t\t<style>\/*! elementor - v3.20.0 - 26-03-2024 *\/\n.elementor-heading-title{padding:0;margin:0;line-height:1}.elementor-widget-heading .elementor-heading-title[class*=elementor-size-]>a{color:inherit;font-size:inherit;line-height:inherit}.elementor-widget-heading .elementor-heading-title.elementor-size-small{font-size:15px}.elementor-widget-heading .elementor-heading-title.elementor-size-medium{font-size:19px}.elementor-widget-heading .elementor-heading-title.elementor-size-large{font-size:29px}.elementor-widget-heading .elementor-heading-title.elementor-size-xl{font-size:39px}.elementor-widget-heading .elementor-heading-title.elementor-size-xxl{font-size:59px}<\/style><h4 class=\"elementor-heading-title elementor-size-default\">Aviso de privacidad\n<\/h4>\t\t<\/div>\n\t\t\t\t<\/div>\n\t\t\t\t<div class=\"elementor-element elementor-element-7f6452d car-insurance-content elementor-widget elementor-widget-text-editor\" data-id=\"7f6452d\" data-element_type=\"widget\" data-widget_type=\"text-editor.default\">\n\t\t\t\t<div class=\"elementor-widget-container\">\n\t\t\t<style>\/*! elementor - v3.20.0 - 26-03-2024 *\/\n.elementor-widget-text-editor.elementor-drop-cap-view-stacked .elementor-drop-cap{background-color:#69727d;color:#fff}.elementor-widget-text-editor.elementor-drop-cap-view-framed .elementor-drop-cap{color:#69727d;border:3px solid;background-color:transparent}.elementor-widget-text-editor:not(.elementor-drop-cap-view-default) .elementor-drop-cap{margin-top:8px}.elementor-widget-text-editor:not(.elementor-drop-cap-view-default) .elementor-drop-cap-letter{width:1em;height:1em}.elementor-widget-text-editor .elementor-drop-cap{float:left;text-align:center;line-height:1;font-size:50px}.elementor-widget-text-editor .elementor-drop-cap-letter{display:inline-block}<\/style>\t\t\t\t<p>Este aviso explica c\u00f3mo Seguros Latorre puede recopilar, utilizar y compartir su informaci\u00f3n. Por favor, lea cuidadosamente y\u00a0p\u00f3ngase\u00a0en contacto con nosotros si tiene alguna pregunta.<\/p><p><strong>\u00bfPor qu\u00e9 me da este aviso?<\/strong><\/p><p>Por nuestro acuerdo con el gobierno federal, la ley nos obliga a darle este aviso. Respetamos su informaci\u00f3n personal y queremos que entienda completamente c\u00f3mo podemos utilizar y compartir esta informaci\u00f3n.<\/p><p><strong>\u00bfQu\u00e9 informaci\u00f3n me pedir\u00e1 que le proporcione?<\/strong><\/p><p>Debemos recopilar cierta informaci\u00f3n sobre usted, llamada Informaci\u00f3n de Identificaci\u00f3n Personal (\u201cPII\u201d) con el fin de ayudarle a completar su solicitud de seguro de salud. PII es informaci\u00f3n que puede ser usada para identificarlo o hacer seguimiento a su identidad. Estos son algunos ejemplos de la informaci\u00f3n personal. Esta no es una lista completa:<\/p><ul><li>Nombre, direcci\u00f3n, fecha de nacimiento, n\u00famero de tel\u00e9fono<\/li><li>El n\u00famero de seguro social<\/li><li>El ingreso del hogar, estado civil<\/li><li>Raza o etnia<\/li><li>N\u00fameros de tarjetas de cr\u00e9dito o d\u00e9bito<\/li><\/ul><p><strong>\u00bfC\u00f3mo utilizar\u00e1 esta informaci\u00f3n?<\/strong><\/p><p>Utilizaremos s\u00f3lo la informaci\u00f3n que necesitamos para ayudarle a obtener un seguro de salud a trav\u00e9s del Mercado facilitado por el Estado (Federally-facilitated Exchange\u201dFFE\u201d) y para proporcionar funciones autorizadas y aprobadas por la FFE, u otro servicio establecido en la ley. Estas son algunas de las funciones autorizadas que podamos realizar. Esta no es una lista completa:<\/p><ul><li>Ayudar con su solicitud de seguro<\/li><li>Responder preguntas acerca de su elegibilidad<\/li><li>Ayudar a inscribirlo en un plan de salud calificado<\/li><li>Ayudar con la presentaci\u00f3n de apelaciones para determinar su elegibilidad<\/li><li>Correcci\u00f3n de errores en la aplicaci\u00f3n<\/li><\/ul><p><strong>\u00bfCompartir\u00e1 mi informaci\u00f3n con otros?<\/strong><\/p><p>S\u00f3lo podemos compartir su informaci\u00f3n como se describe en este aviso. Podemos compartir su informaci\u00f3n con ciertas agencias federales o estatales, la compa\u00f1\u00eda emisora de seguro m\u00e9dico que seleccione o subcontratistas que nos ayudan a proveer servicios a usted. Debemos obtener su permiso para compartir su informaci\u00f3n para cualquier otro prop\u00f3sito que no se describe en este aviso.<\/p><p><strong>\u00bfQu\u00e9 sucede si no comparto mi informaci\u00f3n?<\/strong><\/p><p>Si usted no desea compartir su informaci\u00f3n, es posible que no pueda inscribirse en un plan de seguro de salud.<\/p><p><strong>\u00bfSe mantendr\u00e1 mi informaci\u00f3n segura?<\/strong><\/p><p>S\u00ed. Estamos obligados a mantener su informaci\u00f3n segura. Hemos desarrollado pol\u00edticas de privacidad y seguridad que debemos seguir para asegurar la protecci\u00f3n de su informaci\u00f3n personal.<\/p>\t\t\t\t\t\t<\/div>\n\t\t\t\t<\/div>\n\t\t\t\t\t<\/div>\n\t\t<\/div>\n\t\t\t\t\t<\/div>\n\t\t<\/section>\n\t\t\t\t<\/div>\n\t\t","protected":false},"excerpt":{"rendered":"<p>Aviso de privacidad Este aviso explica c\u00f3mo Seguros Latorre puede recopilar, utilizar y compartir su informaci\u00f3n. Por favor, lea cuidadosamente y\u00a0p\u00f3ngase\u00a0en contacto con nosotros si tiene alguna pregunta. \u00bfPor qu\u00e9 me da este aviso? Por nuestro acuerdo con el gobierno federal, la ley nos obliga a darle este aviso. Respetamos su informaci\u00f3n personal y queremos [&hellip;]<\/p>\n","protected":false},"author":1,"featured_media":0,"parent":0,"menu_order":0,"comment_status":"closed","ping_status":"closed","template":"elementor_header_footer","meta":{"footnotes":""},"class_list":["post-12766","page","type-page","status-publish","hentry"],"yoast_head":"<!-- This site is optimized with the Yoast SEO plugin v22.4 - https:\/\/yoast.com\/wordpress\/plugins\/seo\/ -->\n<title>Aviso de privacidad - Seguros Latorre<\/title>\n<meta name=\"description\" content=\"Aviso de privacidad de Seguros Latorre. Protegemos tus datos personales con total confidencialidad. \u00a1Vis\u00edtanos ahora!\" \/>\n<meta name=\"robots\" content=\"index, follow, max-snippet:-1, max-image-preview:large, max-video-preview:-1\" \/>\n<link rel=\"canonical\" href=\"https:\/\/latorreinsurance.com\/seguros-latorre\/aviso-de-privacidad\/\" \/>\n<meta property=\"og:locale\" content=\"es_ES\" \/>\n<meta property=\"og:type\" content=\"article\" \/>\n<meta property=\"og:title\" content=\"Aviso de privacidad - Seguros Latorre\" \/>\n<meta property=\"og:description\" content=\"Aviso de privacidad de Seguros Latorre. Protegemos tus datos personales con total confidencialidad. \u00a1Vis\u00edtanos ahora!\" \/>\n<meta property=\"og:url\" content=\"https:\/\/latorreinsurance.com\/seguros-latorre\/aviso-de-privacidad\/\" \/>\n<meta property=\"og:site_name\" content=\"Seguros Latorre\" \/>\n<meta property=\"article:modified_time\" content=\"2024-04-09T16:50:19+00:00\" \/>\n<meta name=\"twitter:card\" content=\"summary_large_image\" \/>\n<meta name=\"twitter:label1\" content=\"Tiempo de lectura\" \/>\n\t<meta name=\"twitter:data1\" content=\"2 minutos\" \/>\n<script type=\"application\/ld+json\" class=\"yoast-schema-graph\">{\"@context\":\"https:\/\/schema.org\",\"@graph\":[{\"@type\":\"WebPage\",\"@id\":\"https:\/\/latorreinsurance.com\/seguros-latorre\/aviso-de-privacidad\/\",\"url\":\"https:\/\/latorreinsurance.com\/seguros-latorre\/aviso-de-privacidad\/\",\"name\":\"Aviso de privacidad - Seguros Latorre\",\"isPartOf\":{\"@id\":\"https:\/\/latorreinsurance.com\/seguros-latorre\/#website\"},\"datePublished\":\"2024-04-09T16:46:54+00:00\",\"dateModified\":\"2024-04-09T16:50:19+00:00\",\"description\":\"Aviso de privacidad de Seguros Latorre. Protegemos tus datos personales con total confidencialidad. \u00a1Vis\u00edtanos ahora!\",\"breadcrumb\":{\"@id\":\"https:\/\/latorreinsurance.com\/seguros-latorre\/aviso-de-privacidad\/#breadcrumb\"},\"inLanguage\":\"es\",\"potentialAction\":[{\"@type\":\"ReadAction\",\"target\":[\"https:\/\/latorreinsurance.com\/seguros-latorre\/aviso-de-privacidad\/\"]}]},{\"@type\":\"BreadcrumbList\",\"@id\":\"https:\/\/latorreinsurance.com\/seguros-latorre\/aviso-de-privacidad\/#breadcrumb\",\"itemListElement\":[{\"@type\":\"ListItem\",\"position\":1,\"name\":\"Home\",\"item\":\"https:\/\/latorreinsurance.com\/seguros-latorre\/\"},{\"@type\":\"ListItem\",\"position\":2,\"name\":\"Aviso de privacidad\"}]},{\"@type\":\"WebSite\",\"@id\":\"https:\/\/latorreinsurance.com\/seguros-latorre\/#website\",\"url\":\"https:\/\/latorreinsurance.com\/seguros-latorre\/\",\"name\":\"Seguros Latorre\",\"description\":\"Serving the Carolinas\",\"potentialAction\":[{\"@type\":\"SearchAction\",\"target\":{\"@type\":\"EntryPoint\",\"urlTemplate\":\"https:\/\/latorreinsurance.com\/seguros-latorre\/?s={search_term_string}\"},\"query-input\":\"required name=search_term_string\"}],\"inLanguage\":\"es\"}]}<\/script>\n<!-- \/ Yoast SEO plugin. -->","yoast_head_json":{"title":"Aviso de privacidad - Seguros Latorre","description":"Aviso de privacidad de Seguros Latorre. Protegemos tus datos personales con total confidencialidad. \u00a1Vis\u00edtanos ahora!","robots":{"index":"index","follow":"follow","max-snippet":"max-snippet:-1","max-image-preview":"max-image-preview:large","max-video-preview":"max-video-preview:-1"},"canonical":"https:\/\/latorreinsurance.com\/seguros-latorre\/aviso-de-privacidad\/","og_locale":"es_ES","og_type":"article","og_title":"Aviso de privacidad - Seguros Latorre","og_description":"Aviso de privacidad de Seguros Latorre. Protegemos tus datos personales con total confidencialidad. \u00a1Vis\u00edtanos ahora!","og_url":"https:\/\/latorreinsurance.com\/seguros-latorre\/aviso-de-privacidad\/","og_site_name":"Seguros Latorre","article_modified_time":"2024-04-09T16:50:19+00:00","twitter_card":"summary_large_image","twitter_misc":{"Tiempo de lectura":"2 minutos"},"schema":{"@context":"https:\/\/schema.org","@graph":[{"@type":"WebPage","@id":"https:\/\/latorreinsurance.com\/seguros-latorre\/aviso-de-privacidad\/","url":"https:\/\/latorreinsurance.com\/seguros-latorre\/aviso-de-privacidad\/","name":"Aviso de privacidad - Seguros Latorre","isPartOf":{"@id":"https:\/\/latorreinsurance.com\/seguros-latorre\/#website"},"datePublished":"2024-04-09T16:46:54+00:00","dateModified":"2024-04-09T16:50:19+00:00","description":"Aviso de privacidad de Seguros Latorre. Protegemos tus datos personales con total confidencialidad. \u00a1Vis\u00edtanos ahora!","breadcrumb":{"@id":"https:\/\/latorreinsurance.com\/seguros-latorre\/aviso-de-privacidad\/#breadcrumb"},"inLanguage":"es","potentialAction":[{"@type":"ReadAction","target":["https:\/\/latorreinsurance.com\/seguros-latorre\/aviso-de-privacidad\/"]}]},{"@type":"BreadcrumbList","@id":"https:\/\/latorreinsurance.com\/seguros-latorre\/aviso-de-privacidad\/#breadcrumb","itemListElement":[{"@type":"ListItem","position":1,"name":"Home","item":"https:\/\/latorreinsurance.com\/seguros-latorre\/"},{"@type":"ListItem","position":2,"name":"Aviso de privacidad"}]},{"@type":"WebSite","@id":"https:\/\/latorreinsurance.com\/seguros-latorre\/#website","url":"https:\/\/latorreinsurance.com\/seguros-latorre\/","name":"Seguros Latorre","description":"Serving the Carolinas","potentialAction":[{"@type":"SearchAction","target":{"@type":"EntryPoint","urlTemplate":"https:\/\/latorreinsurance.com\/seguros-latorre\/?s={search_term_string}"},"query-input":"required name=search_term_string"}],"inLanguage":"es"}]}},"_links":{"self":[{"href":"https:\/\/latorreinsurance.com\/seguros-latorre\/wp-json\/wp\/v2\/pages\/12766","targetHints":{"allow":["GET"]}}],"collection":[{"href":"https:\/\/latorreinsurance.com\/seguros-latorre\/wp-json\/wp\/v2\/pages"}],"about":[{"href":"https:\/\/latorreinsurance.com\/seguros-latorre\/wp-json\/wp\/v2\/types\/page"}],"author":[{"embeddable":true,"href":"https:\/\/latorreinsurance.com\/seguros-latorre\/wp-json\/wp\/v2\/users\/1"}],"replies":[{"embeddable":true,"href":"https:\/\/latorreinsurance.com\/seguros-latorre\/wp-json\/wp\/v2\/comments?post=12766"}],"version-history":[{"count":4,"href":"https:\/\/latorreinsurance.com\/seguros-latorre\/wp-json\/wp\/v2\/pages\/12766\/revisions"}],"predecessor-version":[{"id":12770,"href":"https:\/\/latorreinsurance.com\/seguros-latorre\/wp-json\/wp\/v2\/pages\/12766\/revisions\/12770"}],"wp:attachment":[{"href":"https:\/\/latorreinsurance.com\/seguros-latorre\/wp-json\/wp\/v2\/media?parent=12766"}],"curies":[{"name":"wp","href":"https:\/\/api.w.org\/{rel}","templated":true}]}}